{"id":5340,"date":"2015-09-19T17:32:32","date_gmt":"2015-09-19T15:32:32","guid":{"rendered":"https:\/\/bruesewitz-brueder.com\/sport\/history\/"},"modified":"2024-10-04T09:38:01","modified_gmt":"2024-10-04T07:38:01","slug":"history","status":"publish","type":"page","link":"https:\/\/bruesewitz-brueder.com\/en\/sport\/history\/","title":{"rendered":"History"},"content":{"rendered":"\t\t<div data-elementor-type=\"wp-page\" data-elementor-id=\"5340\" class=\"elementor elementor-5340 elementor-27\" data-elementor-post-type=\"page\">\n\t\t\t\t<div class=\"elementor-element elementor-element-2b8a2b45 e-flex e-con-boxed e-con e-parent\" data-id=\"2b8a2b45\" data-element_type=\"container\" data-e-type=\"container\">\n\t\t\t\t\t<div class=\"e-con-inner\">\n\t\t\t\t<div class=\"elementor-element elementor-element-9d9298b elementor-widget elementor-widget-heading\" data-id=\"9d9298b\" data-element_type=\"widget\" data-e-type=\"widget\" data-widget_type=\"heading.default\">\n\t\t\t\t<div class=\"elementor-widget-container\">\n\t\t\t\t\t<h2 class=\"elementor-heading-title elementor-size-default\">History of the Br\u00fcsewitz brothers<\/h2>\t\t\t\t<\/div>\n\t\t\t\t<\/div>\n\t\t\t\t<div class=\"elementor-element elementor-element-667eac4 elementor-widget elementor-widget-text-editor\" data-id=\"667eac4\" data-element_type=\"widget\" data-e-type=\"widget\" data-widget_type=\"text-editor.default\">\n\t\t\t\t<div class=\"elementor-widget-container\">\n\t\t\t\t\t\t\t\t\t<p>Vik Br\u00fcsewitz started vaulting in 1998 and soon joined the Pegasus Garbsen vaulting club.<br \/>\nHis early successes led him to the first team and to individual vaulting.<br \/>\nHis brother Tommy followed him into the sport, trained by Lars Hansen.  <\/p>\n<p>After differences within the team, they moved to the equestrian sports association Rittergut Habighorst.<br \/>\nHere they achieved further success under new management.<br \/>\nThe brothers won awards in various competitions, including national championships and European championships.  <\/p>\n<p>The brothers would like to thank their coaches, horse owners and parents for their support.<br \/>\nTheir sporting journey was characterized by hard work, team spirit and a sense of achievement in vaulting. <\/p>\n\t\t\t\t\t\t\t\t<\/div>\n\t\t\t\t<\/div>\n\t\t\t\t<div class=\"elementor-element elementor-element-d82ed93 elementor-pagination-position-outside elementor-widget elementor-widget-image-carousel\" data-id=\"d82ed93\" data-element_type=\"widget\" data-e-type=\"widget\" data-settings=\"{&quot;slides_to_show&quot;:&quot;3&quot;,&quot;slides_to_scroll&quot;:&quot;3&quot;,&quot;navigation&quot;:&quot;dots&quot;,&quot;autoplay&quot;:&quot;no&quot;,&quot;infinite&quot;:&quot;no&quot;,&quot;speed&quot;:500}\" data-widget_type=\"image-carousel.default\">\n\t\t\t\t<div class=\"elementor-widget-container\">\n\t\t\t\t\t\t\t<div class=\"elementor-image-carousel-wrapper swiper\" role=\"region\" aria-roledescription=\"carousel\" aria-label=\"Image Carousel\" dir=\"ltr\">\n\t\t\t<div class=\"elementor-image-carousel swiper-wrapper\" aria-live=\"polite\">\n\t\t\t\t\t\t\t\t<div class=\"swiper-slide\" role=\"group\" aria-roledescription=\"slide\" aria-label=\"1 of 3\"><figure class=\"swiper-slide-inner\"><img decoding=\"async\" class=\"swiper-slide-image\" src=\"https:\/\/bruesewitz-brueder.com\/wp-content\/uploads\/2016\/02\/Jannik-Portrai-252x300.jpg\" alt=\"Jannik Portrai\" \/><\/figure><\/div><div class=\"swiper-slide\" role=\"group\" aria-roledescription=\"slide\" aria-label=\"2 of 3\"><figure class=\"swiper-slide-inner\"><img decoding=\"async\" class=\"swiper-slide-image\" src=\"https:\/\/bruesewitz-brueder.com\/wp-content\/uploads\/2016\/02\/Vik-Portrait-227x300.jpg\" alt=\"Vik Portrait\" \/><\/figure><\/div><div class=\"swiper-slide\" role=\"group\" aria-roledescription=\"slide\" aria-label=\"3 of 3\"><figure class=\"swiper-slide-inner\"><img decoding=\"async\" class=\"swiper-slide-image\" src=\"https:\/\/bruesewitz-brueder.com\/wp-content\/uploads\/2016\/02\/Thommy-Portrait-200x300.jpg\" alt=\"Thommy Portrait\" \/><\/figure><\/div>\t\t\t<\/div>\n\t\t\t\t\t\t\t\n\t\t\t\t\t\t\t\t\t<div class=\"swiper-pagination\"><\/div>\n\t\t\t\t\t\t\t\t\t<\/div>\n\t\t\t\t\t\t<\/div>\n\t\t\t\t<\/div>\n\t\t\t\t<div class=\"elementor-element elementor-element-5c8cc666 elementor-widget elementor-widget-text-editor\" data-id=\"5c8cc666\" data-element_type=\"widget\" data-e-type=\"widget\" data-widget_type=\"text-editor.default\">\n\t\t\t\t<div class=\"elementor-widget-container\">\n\t\t\t\t\t\t\t\t\t<p>Vik was probably the first of us to start vaulting.<br \/>\nAround 1998, the Br\u00fcsewitz mom registered Vik and our sister Nora, who was still vaulting at the time, for a vacation fun activity run by the town of Garbsen.<br \/>\nVik sat on a vaulting horse called Dragan from the Pegasus Garbsen Vaulting Club (VOV) for the first time when she was around eight years old.<br \/>\nIn this &#8220;taster course&#8221; he didn&#8217;t do too badly and was subsequently signed by trainer Siglinde Butterbrodt at the VOV with his dad Br\u00fcsewitz.   <\/p>\n<p>In 2001, Vik then made the leap into the first team, at that time still A Team Pegasus Garbsen.<br \/>\nAs Obermann, he stood and hung above all on Franziska Obermann and Ann-Kathrin Ostermeyer, who were to become his companions for a long time to come.<br \/>\nFrom 2004, at the age of 14, he tried his hand at individual vaulting for the first time with trainer Kathrin Butterbrodt.<br \/>\nA new trainer joined the club at the beginning of 2005: Lars Hansen replaced Kathrin Butterbrodt as individual coach.<br \/>\nAt the same time, Tommy started vaulting in a boys&#8217; team at the age of ten, trained by Lars and Vik.<br \/>\nAfter coming 5th at the Hanover Bremen State Championships in 2005, the first German Championships were held in Leipzig.<br \/>\nAt the same time, the A team qualified, where Vik himself had become a sub-team member.<br \/>\nJohanna Krause also joined the VoV with Lars Hansen and the &#8220;Hansens S\u00e4tzchen&#8221; individual vaulters were formed (Viktor Br\u00fcsewitz, Nora Br\u00fcsewitz, Johanna Krause and Nicole Vogelei, Elisabeth Schneider, Sina Ostermeyer and Franziska Obermann).<br \/>\nTogether with Johanna Krause in particular, known as Hannes, they worked hard all summer towards the DM.<br \/>\nThe competition in Leipzig was moderately successful, both individually and in the group.<br \/>\nBut Viktor was able to watch the &#8220;big ones&#8221; perform for the first time and from then on knew what vaulting could be!<br \/>\nHe watched Kai Vorberg and Mark G\u00f6tting in training with great interest.<br \/>\nHe then received his first congratulations from Daniel Kaiser at his first CVI in Malm\u00f6.<br \/>\nMotivated by these experiences, he went into winter training 2006.<br \/>2006 was a year of upheaval: due to internal differences, the VoV finally split into two halves in the summer.<br \/>\nOne half remained as the Pegasus Garbsen Vaulting Club, while the other half (which included us and the majority of Hansen&#8217;s sweetheart individual vaulters) moved to the Rittergut Habighorst Equestrian Sports Association (PSG RHB).<br \/>\nAs Lars in particular maintained very good contact with the first chairman Helmut Hader Mohrmann and the horse owner Katrin Hader Mohrmann at this time, we were allowed to slip &#8220;under the roof&#8221; of the PSV RHB.<br \/>\nAn independent base was founded: Bordenau base.<br \/>\nIn 2006-2007 Katrin H. helped us out with the horses and so in 2007 the first real success was achieved: Viktor Br\u00fcsewitz took 1st place at the Young Rider Championships in Norderstedt and was nominated for the national C squad!<br \/>\nThe newly founded S-Team Habighorst then really hit the ground running at the 2007 national championships in Sydwehe: Two gold medals and one silver.<br \/>\nThe Br\u00fcsewitz brothers became national champions for the first time, at that time still with the Br\u00fcsewitz block (Nora Thommy and Vik in a freestyle block).                   <\/p>\n<p>So Thommy came straight from the boys&#8217; team (a step team) to the S team.<br \/>\nHowever, under the relatively strict guidance of coach Lars, he first had to really want his place in the team&#8230; The friendships at the swimming club and the large trampolines in the Br\u00fcsewitz garden were too tempting.<br \/>\nBut in the end, vaulting won him over and Vik was no longer happy to be the only boy in the team.<br \/>By 2008, the whole team had developed with a huge leap to a sensational 4th place at the DM in Alsfeld.<br \/>\nToday we know that our best man all the time was our horse Bobby!<br \/>\nWithout him, it would not have been possible to achieve this level of progress.<br \/>\nAt the same time, Thommy also started individual vaulting, his first competition was in the Bremen Stadthalle on Lucky (another horse owned by Katrin H.).<br \/>\nIf only we had known what would become of this curly-haired horse who was placed directly in front of Thommy in Bremen.<br \/>\n\ud83d\ude1b<br \/>Those were the days when we competed together as juniors!<br \/>\nThe Preis der Besten was also Thommy&#8217;s first big event as an individual: it was an honor to start at a show for the first time with Gero Meyer and Kai Vorberg, the &#8220;cr\u00e9me de la cr\u00e9me&#8221;.<br \/>\nPrior to this, he had to qualify through various sightings.<br \/>\nIt was the first tournament where something was at stake.<br \/>\nThommy then finished his very first individual season with his first start at a German championship in junior individual vaulting with a surprisingly good 5th place.<br \/>\nVik won his first and, until 2014, last CVI&#8217;s in Ermelo and Vienna that year, securing him a trip to a championship for the very first time.<br \/>\nIn 2008, the Official European Junior Individual Vaulting Championships were held for the first time in Brno, Czech Republic.<br \/>\nIt was an overwhelming experience to be allowed to travel to the European Championships in the German team bus with all the professionals!<br \/>\nVik remembers exactly: the seniors around national coach Ulla Ramge were each assigned to a junior to wish them luck and give them a little support before and after the start.<br \/>\nKai Vorberg stood by Vik&#8217;s side.<br \/>\nNobody knew where he would be before the competition, as it was the juniors&#8217; first year.<br \/>\nViktor began the competition with a sprint, as his jersey was torn 2 minutes before the bell rang, so he started in the compulsory jersey of group vaulter Susanne Schmidt from Ingelsberg.<br \/>In the sprint over the ablongier circle, arm number and whip were attached and off he went into the circle.<br \/>\n&#8220;Now more than ever, he thought to himself&#8221; and left the first compulsory round with a 0.2 point lead.<br \/>\nHe remained the favorite until the last round.<br \/>\nIn the final freestyle, it was a small mistake and 0.005 points that he missed out on the gold medal.<br \/>\nDue to the potential he showed over the course of the season, Thommy was also called up to the national C squad.<br \/>Thommy started 2009 with a clear victory at the Preis der Besten.<br \/>\nAt the same time, Jannik slowly began to join us.                        Initially, he was only with us for a few training sessions during the winter break, on the advice of national trainer Ulla Ramge, due to horse problems at his club.<br \/>The picture on the right was taken during Jannik&#8217;s first visit to Viktor and Thommy, when he accidentally mistook the cake for a doormat&#8230; \ud83d\ude00<br \/>In the end, Jannik trained and competed with Thommy and Viktor for the entire 2009 season.<br \/>\nJannik competed in the group for the first time in Aachen as a mandatory booster after Thommy and Vik asked him to do so.<br \/>\nThis year was also the first time that he had won a ticket to the European Junior Championships.<br \/>\nIn Krumke it was finally decided: Jannik and Thommy were allowed to represent the German colors for the first time at the European Championships in Sweden.<br \/>\nA huge honor and success for the two, who had set themselves this big goal in the winter and had achieved an additional highlight with a close 4th place and the European Championship runner-up title.<br \/>\nThommy followed in Vik&#8217;s footsteps with the European Championship runner-up title, and the silver medal stayed in the family.<br \/>\nVik qualified for his first European Senior Championships a few weeks later.<br \/>\nSo the Br\u00fcsewitz brothers were complete!       <br \/>&#8220;We spent a really great week together at the European Championships in Sweden.<br \/>\nWe were all in the same room with Thorben Hoppe and more than enjoyed it ;P.<br \/>\nOur daily rhythm looked something like this: Wake up &#8211;  &gt;  Pool -&gt;  Breakfast -&gt;  Pool -&gt;  to the facility Driving and vaulting\/cheering on\/taking care of horses etc. -&gt;  Coming back to the hotel -&gt;  Pool -&gt;  Dinner -&gt;  Pool -&gt;  and then there&#8217;s this&#8230;&#8221;<br \/>Over the next few years, we grew together more and more from tournament to tournament and achieved many successes.<br \/>\nWe dominated the men&#8217;s junior division right from the start.<br \/>\n(DM champions: 2008, 2010, 2011, 2012; European Championship gold: 2010, 2011; silver: 2008, 2009, 2010, 2012) and since 2011 also the senior men&#8217;s division.<br \/>\nOver time, we have developed a very special team feeling, we call it brotherhood.<br \/>\nWith us, there is no &#8220;mine&#8221; and &#8220;yours&#8221;, only &#8220;ours&#8221;.    <br \/>To date, we have temporarily included three other special companions in our brotherhood:<\/p>\n<p>Torben Jacobs<br \/>In 2010, things developed in a similar way to Jannik the year before with Torben Jacobs.<br \/>\nHe joined as a full S-Team member in the winter of 2009-2010.<br \/>Torben developed into the &#8220;head&#8221; of us brothers, as he always had an eye on the clock and other appointments.<br \/>\nThat&#8217;s how he got the nickname &#8220;head&#8221;.<br \/>\nWe spent countless weekends together at the Br\u00fcsewitz house, during which time we developed the name VITOJA, where Vi stands for Vik, the to for Thommy and the Ja for Jannik, and a Pagman head was painted around the lettering for Kopf.   <br \/>  Unfortunately Kopf had to leave us because of his studies and is now vaulting in Cologne.<br \/>\nIt was a great time with you that we will never forget!<br \/>Mark Philip G\u00f6ttingen<br \/>In the summer of 2010, Mark Philip G\u00f6tting moved into Viktor&#8217;s room for a few months, as he started studying in Hanover at our insistence.<br \/>\nWe formed a new team with him.<br \/>\nNot necessarily on a sporting level, more a team for the rest of our lives.<br \/>\nHe helped one or two of us in his own way through some difficult times.<br \/>\nUnfortunately, you also had to leave us because of your studies!<br \/>\nWe will never forget the moments with you, it was a great time!      <br \/>Johannes Kay<br \/>Johannes Kay, also known as Joey or Flachzange, had actually officially ended his vaulting career at the end of 2012. After Vik and Jannik were at the C-Bundeskader as instructors this winter, they realized once again that Joey should have been there too, so we called him on the way back and asked him &#8220;what was wrong with him to stop vaulting&#8221; \ud83d\ude09 As Vik was unfortunately injured at the time, we had one horse left and he offered to train and compete on Rockard. Living in &#8220;Haus Sonnenschein&#8221; was no problem for us anyway. And so Joey moved in with us a few days later. We also had a really cool and fun time with him, which we always remember fondly. Joey needs his daily &#8220;radiation&#8221; from PC, cell phone, TV, PS Vita or similar, or preferably all at the same time :D. And maybe someone else would have become world champion in 2014 if we hadn&#8217;t called Joe back then&#8230;<\/p>\n<p>We would now like to thank the following people once again for their support!!!<br \/>Former coach Lars Hansen<br \/>Thank you Lars, we all know that you were instrumental in getting us to where we are today in the sport.<br \/>\nIn our crucial development years, you were able to support us in the way we needed it.<br \/>\nTogether with you, we have almost always achieved our goals!<br \/>\nWe can probably say that we have followed in Julian&#8217;s footsteps and have survived your hard schooling, but also needed it.<br \/>\nOur achievements are a testament to your coaching skills.<br \/>\nThank you for your commitment!     <\/p>\n<p>Horse owner of Bobby Dorte Breas<br \/>Thank you Dorte, as already described, we know today that we were spoiled with Bobby!<br \/>\nIn our eyes he is one of the best vaulting horses we know.<br \/>\nHe made our rapid success possible.<br \/>\nIt&#8217;s not for nothing that he won four medals with us at the European Championships &#8220;on the side&#8221;.<br \/>\nThank you for making him available to us for so long, we wish you and him a happy life.    <\/p>\n<p>Katrin and Helmut Hader Mormann<br \/>Thank you Katrin, thank you Helmut, you took us on as new club sponsors in 2006, and all three of us were also able to rely on your horses in difficult times.<br \/>\nYou have actively contributed to our sporting development and are part of our roots in vaulting.<br \/>\nThank you for your support!  <\/p>\n<p>Mom and Dad Br\u00fcsewitz &amp; Heiland<br \/>Thank you, you were the ones who got us into the sport, always stood behind us, always drove us to training and made vaulting possible for us in the first place!<br \/>\nEven today you still cater for us wherever you can!<br \/>\nThank you!!!!  <\/p>\n\t\t\t\t\t\t\t\t<\/div>\n\t\t\t\t<\/div>\n\t\t\t\t\t<\/div>\n\t\t\t\t<\/div>\n\t\t\t\t<\/div>\n\t\t","protected":false},"excerpt":{"rendered":"<p>History of the Br\u00fcsewitz brothers Vik Br\u00fcsewitz started vaulting in 1998 and soon joined the Pegasus Garbsen vaulting club. His early successes led him to the first team and to individual vaulting. His brother Tommy followed him into the sport, trained by Lars Hansen. After differences within the team, they moved to the equestrian sports [&hellip;]<\/p>\n","protected":false},"author":1,"featured_media":0,"parent":5328,"menu_order":0,"comment_status":"closed","ping_status":"closed","template":"","meta":{"jetpack_post_was_ever_published":false,"footnotes":""},"class_list":["post-5340","page","type-page","status-publish","hentry"],"jetpack_sharing_enabled":true,"jetpack_shortlink":"https:\/\/wp.me\/P6xIF9-1o8","jetpack_likes_enabled":true,"_links":{"self":[{"href":"https:\/\/bruesewitz-brueder.com\/en\/wp-json\/wp\/v2\/pages\/5340","targetHints":{"allow":["GET"]}}],"collection":[{"href":"https:\/\/bruesewitz-brueder.com\/en\/wp-json\/wp\/v2\/pages"}],"about":[{"href":"https:\/\/bruesewitz-brueder.com\/en\/wp-json\/wp\/v2\/types\/page"}],"author":[{"embeddable":true,"href":"https:\/\/bruesewitz-brueder.com\/en\/wp-json\/wp\/v2\/users\/1"}],"replies":[{"embeddable":true,"href":"https:\/\/bruesewitz-brueder.com\/en\/wp-json\/wp\/v2\/comments?post=5340"}],"version-history":[{"count":1,"href":"https:\/\/bruesewitz-brueder.com\/en\/wp-json\/wp\/v2\/pages\/5340\/revisions"}],"predecessor-version":[{"id":5341,"href":"https:\/\/bruesewitz-brueder.com\/en\/wp-json\/wp\/v2\/pages\/5340\/revisions\/5341"}],"up":[{"embeddable":true,"href":"https:\/\/bruesewitz-brueder.com\/en\/wp-json\/wp\/v2\/pages\/5328"}],"wp:attachment":[{"href":"https:\/\/bruesewitz-brueder.com\/en\/wp-json\/wp\/v2\/media?parent=5340"}],"curies":[{"name":"wp","href":"https:\/\/api.w.org\/{rel}","templated":true}]}}