{"id":5352,"date":"2016-02-06T14:57:18","date_gmt":"2016-02-06T13:57:18","guid":{"rendered":"https:\/\/bruesewitz-brueder.com\/cancellation-policy\/"},"modified":"2025-03-12T21:26:36","modified_gmt":"2025-03-12T20:26:36","slug":"cancellation-policy","status":"publish","type":"page","link":"https:\/\/bruesewitz-brueder.com\/en\/cancellation-policy\/","title":{"rendered":"Cancellation policy"},"content":{"rendered":"<h3>Widerrufsrecht f\u00fcr Verbraucher<\/h3>\n<p>(Verbraucher ist jede nat\u00fcrliche Person, die ein Rechtsgesch\u00e4ft zu Zwecken abschlie\u00dft, die \u00fcberwiegend weder ihrer gewerblichen noch ihrer selbstst\u00e4ndigen beruflichen T\u00e4tigkeit zugerechnet werden kann.)<\/p>\n<h1>Widerrufsbelehrung<\/h1>\n<h3>Widerrufsrecht<\/h3>\n<p>Sie haben das Recht, binnen vierzehn Tagen ohne Angabe von Gr\u00fcnden diesen Vertrag zu widerrufen.<\/p>\n<p>Die Widerrufsfrist betr\u00e4gt vierzehn Tage ab dem Tag,<\/p>\n<ul>\n<li>an dem Sie oder ein von Ihnen benannter Dritter, der nicht der Bef\u00f6rderer ist, die Waren in Besitz genommen haben bzw. hat, sofern Sie eine oder mehrere Waren im Rahmen einer einheitlichen Bestellung bestellt haben und diese einheitlich geliefert wird bzw. werden, oder<\/li>\n<li>an dem Sie oder ein von Ihnen benannter Dritter, der nicht der Bef\u00f6rderer ist, die letzte Ware in Besitz genommen haben bzw. hat, sofern Sie mehrere Waren im Rahmen einer einheitlichen Bestellung bestellt haben und diese getrennt geliefert werden, oder<\/li>\n<li>an dem Sie oder ein von Ihnen benannter Dritter, der nicht der Bef\u00f6rderer ist, die letzte Teilsendung oder das letzte St\u00fcck in Besitz genommen haben bzw. hat, sofern Sie eine Ware bestellt haben, die in mehreren Teilsendungen oder St\u00fccken geliefert wird, oder<\/li>\n<li>an dem Sie oder ein von Ihnen benannter Dritter, der nicht der Bef\u00f6rderer ist, die erste Ware in Besitz genommen haben bzw. hat, sofern Sie einen Vertrag zur regelm\u00e4\u00dfigen Lieferung von Waren \u00fcber einen festgelegten Zeitraum hinweg geschlossen haben.<\/li>\n<\/ul>\n<p>Um Ihr Widerrufsrecht auszu\u00fcben, m\u00fcssen Sie uns (Heiland &amp; Br\u00fcsewitz GbR, Am Bahnhof 7a, 21445 Wulfsen, Deutschland, Telefonnummer: 015123219097, E-Mail-Adresse: info@bruesewitz-brueder.com)\u00a0mittels einer eindeutigen Erkl\u00e4rung (z.B. ein mit der Post versandter Brief, E-Mail) \u00fcber Ihren Entschluss, diesen Vertrag zu widerrufen, informieren. Sie k\u00f6nnen daf\u00fcr das beigef\u00fcgte Muster-Widerrufsformular verwenden, das jedoch nicht vorgeschrieben ist. Sie k\u00f6nnen das Muster-Widerrufsformular oder eine andere eindeutige Erkl\u00e4rung auch auf unserer Webseite https:\/\/bruesewitz-brueder.com\/widerrufsbelehrung\/ elektronisch ausf\u00fcllen und \u00fcbermitteln. Machen Sie von dieser M\u00f6glichkeit Gebrauch, so werden wir Ihnen unverz\u00fcglich (z. B. per E-Mail) eine Best\u00e4tigung \u00fcber den Eingang eines solchen Widerrufs \u00fcbermitteln.<\/p>\n<p>Zur Wahrung der Widerrufsfrist reicht es aus, dass Sie die Mitteilung \u00fcber die Aus\u00fcbung des Widerrufsrechts vor Ablauf der Widerrufsfrist absenden.<\/p>\n<h3>Folgen des Widerrufs<\/h3>\n<p>Wenn Sie diesen Vertrag widerrufen, haben wir Ihnen alle Zahlungen, die wir von Ihnen erhalten haben, einschlie\u00dflich der Lieferkosten (mit Ausnahme der zus\u00e4tzlichen Kosten, die sich daraus ergeben, dass Sie eine andere Art der Lieferung als die von uns angebotene, g\u00fcnstigste Standardlieferung gew\u00e4hlt haben), unverz\u00fcglich und sp\u00e4testens binnen vierzehn Tagen ab dem Tag zur\u00fcckzuzahlen, an dem die Mitteilung \u00fcber Ihren Widerruf dieses Vertrags bei uns eingegangen ist. F\u00fcr diese R\u00fcckzahlung verwenden wir dasselbe Zahlungsmittel, das Sie bei der urspr\u00fcnglichen Transaktion eingesetzt haben, es sei denn, mit Ihnen wurde ausdr\u00fccklich etwas anderes vereinbart; in keinem Fall werden Ihnen wegen dieser R\u00fcckzahlung Entgelte berechnet.<\/p>\n<p>Wir k\u00f6nnen die R\u00fcckzahlung verweigern, bis wir die Waren wieder zur\u00fcckerhalten haben oder bis Sie den Nachweis erbracht haben, dass Sie die Waren zur\u00fcckgesandt haben, je nachdem, welches der fr\u00fchere Zeitpunkt ist.<\/p>\n<p>Sie haben die Waren unverz\u00fcglich und in jedem Fall sp\u00e4testens binnen vierzehn Tagen ab dem Tag, an dem Sie uns \u00fcber den Widerruf dieses Vertrags unterrichten, an Heiland &amp; Br\u00fcsewitz GbR, Am Bahnhof 7a, 21445 Wulfsen zur\u00fcckzusenden oder zu \u00fcbergeben. Die Frist ist gewahrt, wenn Sie die Waren vor Ablauf der Frist von vierzehn Tagen absenden.<\/p>\n<p>Sie tragen die unmittelbaren Kosten der R\u00fccksendung der Waren.<\/p>\n<p>Sie m\u00fcssen f\u00fcr einen etwaigen Wertverlust der Waren nur aufkommen, wenn dieser Wertverlust auf einen zur Pr\u00fcfung der Beschaffenheit, Eigenschaften und Funktionsweise der Waren nicht notwendigen Umgang mit ihnen zur\u00fcckzuf\u00fchren ist.<\/p>\n<h2>Muster-Widerrufsformular<\/h2>\n<p>(Wenn Sie den Vertrag widerrufen wollen, dann f\u00fcllen Sie bitte dieses Formular aus und senden Sie es zur\u00fcck.)<\/p>\n<p>\u2013 An<\/p>\n<p>Heiland &amp; Br\u00fcsewitz GbR, Am Bahnhof 7a, 21445 Wulfsen, Deutschland, Telefonnummer: 015123219097, E-Mail-Adresse: retoure@bruesewitz-brueder.com<\/p>\n<p>\u2013 Hiermit widerrufe(n) ich\/wir (*) den von mir\/uns (*) abgeschlossenen Vertrag \u00fcber den Kauf der folgenden Waren (*)\/ die Erbringung der folgenden Dienstleistung (*)<\/p>\n<p>\u2013 Bestellt am (*)\/erhalten am (*)<\/p>\n<p>\u2013 Name des\/der Verbraucher(s)<\/p>\n<p>\u2013 Anschrift des\/der Verbraucher(s)<\/p>\n<p>\u2013 Unterschrift des\/der Verbraucher(s) (nur bei Mitteilung auf Papier)<\/p>\n<p>\u2013 Datum<\/p>\n<p>___________<br \/>\n(*) Unzutreffendes streichen.<\/p>\n","protected":false},"excerpt":{"rendered":"<p>Widerrufsrecht f\u00fcr Verbraucher (Verbraucher ist jede nat\u00fcrliche Person, die ein Rechtsgesch\u00e4ft zu Zwecken abschlie\u00dft, die \u00fcberwiegend weder ihrer gewerblichen noch ihrer selbstst\u00e4ndigen beruflichen T\u00e4tigkeit zugerechnet werden kann.) Widerrufsbelehrung Widerrufsrecht Sie haben das Recht, binnen vierzehn Tagen ohne Angabe von Gr\u00fcnden diesen Vertrag zu widerrufen. Die Widerrufsfrist betr\u00e4gt vierzehn Tage ab dem Tag, an dem Sie [&hellip;]<\/p>\n","protected":false},"author":1,"featured_media":0,"parent":0,"menu_order":0,"comment_status":"closed","ping_status":"closed","template":"","meta":{"jetpack_post_was_ever_published":false,"footnotes":""},"class_list":["post-5352","page","type-page","status-publish","hentry"],"jetpack_sharing_enabled":true,"jetpack_shortlink":"https:\/\/wp.me\/P6xIF9-1ok","jetpack_likes_enabled":true,"_links":{"self":[{"href":"https:\/\/bruesewitz-brueder.com\/en\/wp-json\/wp\/v2\/pages\/5352","targetHints":{"allow":["GET"]}}],"collection":[{"href":"https:\/\/bruesewitz-brueder.com\/en\/wp-json\/wp\/v2\/pages"}],"about":[{"href":"https:\/\/bruesewitz-brueder.com\/en\/wp-json\/wp\/v2\/types\/page"}],"author":[{"embeddable":true,"href":"https:\/\/bruesewitz-brueder.com\/en\/wp-json\/wp\/v2\/users\/1"}],"replies":[{"embeddable":true,"href":"https:\/\/bruesewitz-brueder.com\/en\/wp-json\/wp\/v2\/comments?post=5352"}],"version-history":[{"count":2,"href":"https:\/\/bruesewitz-brueder.com\/en\/wp-json\/wp\/v2\/pages\/5352\/revisions"}],"predecessor-version":[{"id":6230,"href":"https:\/\/bruesewitz-brueder.com\/en\/wp-json\/wp\/v2\/pages\/5352\/revisions\/6230"}],"wp:attachment":[{"href":"https:\/\/bruesewitz-brueder.com\/en\/wp-json\/wp\/v2\/media?parent=5352"}],"curies":[{"name":"wp","href":"https:\/\/api.w.org\/{rel}","templated":true}]}}