{"id":3614,"date":"2023-07-02T13:33:47","date_gmt":"2023-07-02T11:33:47","guid":{"rendered":"https:\/\/bruesewitz-brueder.com\/?post_type=product&#038;p=3614"},"modified":"2024-12-13T15:48:08","modified_gmt":"2024-12-13T14:48:08","slug":"bb-voltigierschuh-try-it","status":"publish","type":"product","link":"https:\/\/bruesewitz-brueder.com\/en\/produkt\/bb-voltigierschuh-try-it\/","title":{"rendered":"BB Voltigierschuh &#8211; try it"},"content":{"rendered":"<p>Unser <strong><em>try it<\/em> <\/strong>Model ist unser Einsteigermodell f\u00fcr Jedermann. Die Rutschfeste d\u00fcnne Sohle l\u00e4sst dich den Untergrund und das Pferd fast wie Barfu\u00df f\u00fchlen. Ideal f\u00fcr die ganz jungen Sportler und das Voltigieren im Schritt, um ein grundlegendes Pferdegef\u00fchl zu erlernen.<\/p>\n<p>Dar\u00fcberhinaus ist dieses Modell eine g\u00fcnstige Alternative f\u00fcr ein extra Paar Schuhe f\u00fcr den sauberen Trainingsraum.<\/p>\n<p>Der Name soll als Aufruf dazu sein einfach mal Sachen und \u00dcbungen auszuprobieren und sich zu trauen, um so mittelfristig Vertrauen zu gewinnen und Spa\u00df haben\u2026 Also anfangen und dranbleiben!<\/p>\n<p>Viel Erfolg!<\/p>\n","protected":false},"excerpt":{"rendered":"<p>BB Voltigierschuh, Modell: <strong><em>try it<\/em><\/strong><\/p>\n","protected":false},"featured_media":4385,"comment_status":"closed","ping_status":"closed","template":"","meta":{"jetpack_post_was_ever_published":false,"jetpack_publicize_message":"","jetpack_publicize_feature_enabled":true,"jetpack_social_post_already_shared":true,"jetpack_social_options":{"image_generator_settings":{"template":"highway","default_image_id":0,"font":"","enabled":false},"version":2}},"product_brand":[],"product_cat":[84],"product_tag":[96,97,98,80,82],"class_list":{"0":"post-3614","1":"product","2":"type-product","3":"status-publish","4":"has-post-thumbnail","6":"product_cat-voltigierschuhe","7":"product_tag-try-it","8":"product_tag-bb-voltischuh","9":"product_tag-voltischuh","10":"product_tag-voltigierschuh","11":"product_tag-voltigierschlappen","13":"first","14":"instock","15":"taxable","16":"shipping-taxable","17":"purchasable","18":"product-type-variable"},"jetpack_publicize_connections":[],"jetpack_sharing_enabled":true,"jetpack_likes_enabled":true,"_links":{"self":[{"href":"https:\/\/bruesewitz-brueder.com\/en\/wp-json\/wp\/v2\/product\/3614","targetHints":{"allow":["GET"]}}],"collection":[{"href":"https:\/\/bruesewitz-brueder.com\/en\/wp-json\/wp\/v2\/product"}],"about":[{"href":"https:\/\/bruesewitz-brueder.com\/en\/wp-json\/wp\/v2\/types\/product"}],"replies":[{"embeddable":true,"href":"https:\/\/bruesewitz-brueder.com\/en\/wp-json\/wp\/v2\/comments?post=3614"}],"wp:featuredmedia":[{"embeddable":true,"href":"https:\/\/bruesewitz-brueder.com\/en\/wp-json\/wp\/v2\/media\/4385"}],"wp:attachment":[{"href":"https:\/\/bruesewitz-brueder.com\/en\/wp-json\/wp\/v2\/media?parent=3614"}],"wp:term":[{"taxonomy":"product_brand","embeddable":true,"href":"https:\/\/bruesewitz-brueder.com\/en\/wp-json\/wp\/v2\/product_brand?post=3614"},{"taxonomy":"product_cat","embeddable":true,"href":"https:\/\/bruesewitz-brueder.com\/en\/wp-json\/wp\/v2\/product_cat?post=3614"},{"taxonomy":"product_tag","embeddable":true,"href":"https:\/\/bruesewitz-brueder.com\/en\/wp-json\/wp\/v2\/product_tag?post=3614"}],"curies":[{"name":"wp","href":"https:\/\/api.w.org\/{rel}","templated":true}]}}