{"id":7628,"date":"2026-01-26T11:33:45","date_gmt":"2026-01-26T10:33:45","guid":{"rendered":"https:\/\/bruesewitz-brueder.com\/?post_type=product&#038;p=7628"},"modified":"2026-04-08T17:15:23","modified_gmt":"2026-04-08T15:15:23","slug":"bb-voltigierschuh-be-it-basismodell-feel-it","status":"publish","type":"product","link":"https:\/\/bruesewitz-brueder.com\/en\/produkt\/bb-voltigierschuh-be-it-basismodell-feel-it\/","title":{"rendered":"BB Voltigierschuh &#8211; be it (Basismodell feel it)"},"content":{"rendered":"<h2 data-start=\"139\" data-end=\"198\"><strong data-start=\"142\" data-end=\"198\">be it \u2013 Dein Voltigierschuh. Dein Stil. Deine Farbe.<\/strong><\/h2>\n<p data-start=\"200\" data-end=\"332\">Schwarz oder Wei\u00df war gestern.<br data-start=\"230\" data-end=\"233\" \/>Mit dem neuen <strong data-start=\"247\" data-end=\"256\">be it<\/strong> gestaltest du deinen Voltigierschuh jetzt so individuell wie dein Auftritt.<\/p>\n<p data-start=\"334\" data-end=\"533\">Schicke uns einfach deinen <strong data-start=\"361\" data-end=\"376\">Trikotstoff<\/strong> \u2013 wir \u00fcberziehen deinen Schuh exakt mit deinem Material. So entsteht ein Schuh, der <strong data-start=\"461\" data-end=\"495\">perfekt zu deinem Outfit passt<\/strong> und optisch wie aus einem Guss wirkt.<\/p>\n<p data-start=\"535\" data-end=\"621\">Kein Kompromiss bei der Farbe.<br data-start=\"565\" data-end=\"568\" \/>Kein \u201efast passend\u201c.<br data-start=\"588\" data-end=\"591\" \/>Sondern <strong data-start=\"599\" data-end=\"620\">100 % dein Design<\/strong>.<\/p>\n<h3 data-start=\"623\" data-end=\"657\">Deine Vorteile auf einen Blick<\/h3>\n<ul data-start=\"658\" data-end=\"912\">\n<li data-start=\"658\" data-end=\"718\">\n<p data-start=\"660\" data-end=\"718\">Individuelle Anfertigung mit deinem Original-Trikotstoff<\/p>\n<\/li>\n<li data-start=\"719\" data-end=\"768\">\n<p data-start=\"721\" data-end=\"768\">Unendlich viele Farb- und Designm\u00f6glichkeiten<\/p>\n<\/li>\n<li data-start=\"769\" data-end=\"815\">\n<p data-start=\"771\" data-end=\"815\">Perfekte Abstimmung auf dein Turnieroutfit<\/p>\n<\/li>\n<li data-start=\"816\" data-end=\"880\">\n<p data-start=\"818\" data-end=\"880\">Bew\u00e4hrte Passform, Grip und Qualit\u00e4t unserer Voltigierschuhe<\/p>\n<\/li>\n<li data-start=\"881\" data-end=\"912\">\n<p data-start=\"883\" data-end=\"912\">Jeder Schuh ein echtes Unikat<\/p>\n<\/li>\n<\/ul>\n<h3 data-start=\"914\" data-end=\"948\">F\u00fcr alle, die auffallen wollen<\/h3>\n<p data-start=\"949\" data-end=\"1118\">Ob Einzelvoltigierer oder Team \u2013 mit <strong data-start=\"986\" data-end=\"995\">be it<\/strong> setzt du ein Statement in der Zirkelmitte. Dein Schuh wird Teil deines Kost\u00fcms und unterstreicht deinen pers\u00f6nlichen Stil.<\/p>\n<p data-start=\"1120\" data-end=\"1158\"><strong data-start=\"1120\" data-end=\"1158\">Sei einzigartig. Sei mutig. be it.<\/strong><\/p>\n","protected":false},"excerpt":{"rendered":"<p>Individueller mit Trikotstoff \u00fcberzogener Voltigierschuh. Basismodell ist der feel it Voltigierschuh. Es handelt sich um eine individuelle Anfertigung daher ist ein Umtausch ausgeschlossen. F\u00fcr die Produktion ben\u00f6tigen wir ein Stoffmuster in der Gr\u00f6\u00dfe 40&#215;60 [cm] von dir.<\/p>\n","protected":false},"featured_media":7899,"comment_status":"closed","ping_status":"closed","template":"","meta":{"jetpack_post_was_ever_published":false,"jetpack_publicize_message":"","jetpack_publicize_feature_enabled":true,"jetpack_social_post_already_shared":true,"jetpack_social_options":{"image_generator_settings":{"template":"highway","default_image_id":0,"font":"","enabled":false},"version":2}},"product_brand":[],"product_cat":[84],"product_tag":[240,241],"class_list":{"0":"post-7628","1":"product","2":"type-product","3":"status-publish","4":"has-post-thumbnail","6":"product_cat-voltigierschuhe","7":"product_tag-be-it","8":"product_tag-voltigierschuh-individuell","10":"first","11":"instock","12":"taxable","13":"shipping-taxable","14":"purchasable","15":"product-type-variable"},"jetpack_publicize_connections":[],"jetpack_sharing_enabled":true,"jetpack_likes_enabled":true,"_links":{"self":[{"href":"https:\/\/bruesewitz-brueder.com\/en\/wp-json\/wp\/v2\/product\/7628","targetHints":{"allow":["GET"]}}],"collection":[{"href":"https:\/\/bruesewitz-brueder.com\/en\/wp-json\/wp\/v2\/product"}],"about":[{"href":"https:\/\/bruesewitz-brueder.com\/en\/wp-json\/wp\/v2\/types\/product"}],"replies":[{"embeddable":true,"href":"https:\/\/bruesewitz-brueder.com\/en\/wp-json\/wp\/v2\/comments?post=7628"}],"wp:featuredmedia":[{"embeddable":true,"href":"https:\/\/bruesewitz-brueder.com\/en\/wp-json\/wp\/v2\/media\/7899"}],"wp:attachment":[{"href":"https:\/\/bruesewitz-brueder.com\/en\/wp-json\/wp\/v2\/media?parent=7628"}],"wp:term":[{"taxonomy":"product_brand","embeddable":true,"href":"https:\/\/bruesewitz-brueder.com\/en\/wp-json\/wp\/v2\/product_brand?post=7628"},{"taxonomy":"product_cat","embeddable":true,"href":"https:\/\/bruesewitz-brueder.com\/en\/wp-json\/wp\/v2\/product_cat?post=7628"},{"taxonomy":"product_tag","embeddable":true,"href":"https:\/\/bruesewitz-brueder.com\/en\/wp-json\/wp\/v2\/product_tag?post=7628"}],"curies":[{"name":"wp","href":"https:\/\/api.w.org\/{rel}","templated":true}]}}