{"id":6212,"date":"2015-09-19T17:32:32","date_gmt":"2015-09-19T15:32:32","guid":{"rendered":"https:\/\/bruesewitz-brueder.com\/histoire\/"},"modified":"2025-03-12T21:26:37","modified_gmt":"2025-03-12T20:26:37","slug":"histoire","status":"publish","type":"page","link":"https:\/\/bruesewitz-brueder.com\/fr\/sport\/histoire\/","title":{"rendered":"Histoire"},"content":{"rendered":"\t\t<div data-elementor-type=\"wp-page\" data-elementor-id=\"6212\" class=\"elementor elementor-6212 elementor-27\" data-elementor-post-type=\"page\">\n\t\t\t\t<div class=\"elementor-element elementor-element-2b8a2b45 e-flex e-con-boxed e-con e-parent\" data-id=\"2b8a2b45\" data-element_type=\"container\" data-e-type=\"container\">\n\t\t\t\t\t<div class=\"e-con-inner\">\n\t\t\t\t<div class=\"elementor-element elementor-element-9d9298b elementor-widget elementor-widget-heading\" data-id=\"9d9298b\" data-element_type=\"widget\" data-e-type=\"widget\" data-widget_type=\"heading.default\">\n\t\t\t\t<div class=\"elementor-widget-container\">\n\t\t\t\t\t<h2 class=\"elementor-heading-title elementor-size-default\">Historique des fr\u00e8res Br\u00fcsewitz<\/h2>\t\t\t\t<\/div>\n\t\t\t\t<\/div>\n\t\t\t\t<div class=\"elementor-element elementor-element-667eac4 elementor-widget elementor-widget-text-editor\" data-id=\"667eac4\" data-element_type=\"widget\" data-e-type=\"widget\" data-widget_type=\"text-editor.default\">\n\t\t\t\t<div class=\"elementor-widget-container\">\n\t\t\t\t\t\t\t\t\t<p>Vik Br\u00fcsewitz a commenc\u00e9 la voltige en 1998 et a rapidement rejoint le club de voltige Pegasus Garbsen. Ses succ\u00e8s pr\u00e9coces l&rsquo;ont conduit \u00e0 faire partie de la premi\u00e8re \u00e9quipe et \u00e0 pratiquer la voltige individuelle. Son fr\u00e8re Tommy l&rsquo;a suivi dans ce sport, entra\u00een\u00e9 par Lars Hansen.  <\/p>\n<p>Apr\u00e8s des divergences au sein de l&rsquo;\u00e9quipe, ils ont rejoint l&rsquo;association hippique Rittergut Habighorst. C&rsquo;est l\u00e0 qu&rsquo;ils ont obtenu de nouveaux succ\u00e8s sous une nouvelle direction. Les fr\u00e8res se sont distingu\u00e9s dans diff\u00e9rentes comp\u00e9titions, dont les championnats nationaux et europ\u00e9ens.  <\/p>\n<p>Les fr\u00e8res remercient leurs entra\u00eeneurs, les propri\u00e9taires de chevaux et leurs parents pour leur soutien. Leur parcours sportif a \u00e9t\u00e9 marqu\u00e9 par un travail acharn\u00e9, un esprit d&rsquo;\u00e9quipe et des exp\u00e9riences de r\u00e9ussite en voltige. <\/p>\n\t\t\t\t\t\t\t\t<\/div>\n\t\t\t\t<\/div>\n\t\t\t\t<div class=\"elementor-element elementor-element-d82ed93 elementor-pagination-position-outside elementor-widget elementor-widget-image-carousel\" data-id=\"d82ed93\" data-element_type=\"widget\" data-e-type=\"widget\" data-settings=\"{&quot;slides_to_show&quot;:&quot;3&quot;,&quot;slides_to_scroll&quot;:&quot;3&quot;,&quot;navigation&quot;:&quot;dots&quot;,&quot;autoplay&quot;:&quot;no&quot;,&quot;infinite&quot;:&quot;no&quot;,&quot;speed&quot;:500}\" data-widget_type=\"image-carousel.default\">\n\t\t\t\t<div class=\"elementor-widget-container\">\n\t\t\t\t\t\t\t<div class=\"elementor-image-carousel-wrapper swiper\" role=\"region\" aria-roledescription=\"carousel\" aria-label=\"Carrousel d\u2019images\" dir=\"ltr\">\n\t\t\t<div class=\"elementor-image-carousel swiper-wrapper\" aria-live=\"polite\">\n\t\t\t\t\t\t\t\t<div class=\"swiper-slide\" role=\"group\" aria-roledescription=\"slide\" aria-label=\"1 sur 3\"><figure class=\"swiper-slide-inner\"><img decoding=\"async\" class=\"swiper-slide-image\" src=\"https:\/\/bruesewitz-brueder.com\/wp-content\/uploads\/2016\/02\/Jannik-Portrai-252x300.jpg\" alt=\"Jannik Portrai\" \/><\/figure><\/div><div class=\"swiper-slide\" role=\"group\" aria-roledescription=\"slide\" aria-label=\"2 sur 3\"><figure class=\"swiper-slide-inner\"><img decoding=\"async\" class=\"swiper-slide-image\" src=\"https:\/\/bruesewitz-brueder.com\/wp-content\/uploads\/2016\/02\/Vik-Portrait-227x300.jpg\" alt=\"Vik Portrait\" \/><\/figure><\/div><div class=\"swiper-slide\" role=\"group\" aria-roledescription=\"slide\" aria-label=\"3 sur 3\"><figure class=\"swiper-slide-inner\"><img decoding=\"async\" class=\"swiper-slide-image\" src=\"https:\/\/bruesewitz-brueder.com\/wp-content\/uploads\/2016\/02\/Thommy-Portrait-200x300.jpg\" alt=\"Thommy Portrait\" \/><\/figure><\/div>\t\t\t<\/div>\n\t\t\t\t\t\t\t\n\t\t\t\t\t\t\t\t\t<div class=\"swiper-pagination\"><\/div>\n\t\t\t\t\t\t\t\t\t<\/div>\n\t\t\t\t\t\t<\/div>\n\t\t\t\t<\/div>\n\t\t\t\t<div class=\"elementor-element elementor-element-5c8cc666 elementor-widget elementor-widget-text-editor\" data-id=\"5c8cc666\" data-element_type=\"widget\" data-e-type=\"widget\" data-widget_type=\"text-editor.default\">\n\t\t\t\t<div class=\"elementor-widget-container\">\n\t\t\t\t\t\t\t\t\t<p>Vik a probablement \u00e9t\u00e9 le premier d&rsquo;entre nous \u00e0 commencer la voltige. Vers 1998, la maman de Br\u00fcsewitz a inscrit Vik et notre s\u0153ur Nora, qui faisait aussi de la voltige \u00e0 l&rsquo;\u00e9poque, \u00e0 un programme de vacances organis\u00e9 par la ville de Garbsen. C&rsquo;est ainsi que Vik a pris place pour la premi\u00e8re fois, \u00e0 l&rsquo;\u00e2ge de huit ans environ, sur un cheval de voltige nomm\u00e9 Dragan, du club de voltige Pegasus Garbsen (VOV). A l&rsquo;issue de ce cours, il a \u00e9t\u00e9 pris sous contrat avec l&rsquo;entra\u00eeneur Siglinde Butterbrodt, sous la signature de son papa Br\u00fcsewitz.   <\/p>\n<p>En 2001, Vik a fait le saut dans la premi\u00e8re \u00e9quipe, \u00e0 l&rsquo;\u00e9poque l&rsquo;\u00e9quipe A Pegasus Garbsen. En tant que chef d&rsquo;\u00e9quipe, il s&rsquo;est surtout appuy\u00e9 sur Franziska Obermann et Ann-Kathrin Ostermeyer, qui allaient devenir ses compagnes de route. A partir de 2004, \u00e0 l&rsquo;\u00e2ge de 14 ans, il s&rsquo;est essay\u00e9 pour la premi\u00e8re fois \u00e0 la voltige individuelle avec l&rsquo;entra\u00eeneur Kathrin Butterbrodt. D\u00e9but 2005, un nouvel entra\u00eeneur a rejoint le club : Lars Hansen a remplac\u00e9 Kathrin Butterbrodt comme entra\u00eeneur individuel. Parall\u00e8lement, Tommy a commenc\u00e9 la voltige \u00e0 dix ans dans une \u00e9quipe de gar\u00e7ons, entra\u00een\u00e9e par Lars et Vik. Avec une 5e place aux championnats r\u00e9gionaux de Hanovre-Br\u00eame en 2005, le premier championnat allemand \u00e0 Leipzig \u00e9tait \u00e0 l&rsquo;ordre du jour. En m\u00eame temps, l&rsquo;\u00e9quipe A s&rsquo;est qualifi\u00e9e, Vik \u00e9tant lui-m\u00eame devenu sous-officier. Avec Lars Hansen, Johanna Krause a \u00e9galement rejoint l&rsquo;ASBL et les \u00ab\u00a0Hansens S\u00e4tzchen\u00a0\u00bb (Viktor Br\u00fcsewitz, Nora Br\u00fcsewitz, Johanna Krause et Nicole Vogelei, Elisabeth Schneider, Sina Ostermeyer et Franziska Obermann) se sont form\u00e9s en tant que voltigeurs individuels. Ensemble, surtout avec Johanna Krause, surnomm\u00e9e Hannes, ils ont travaill\u00e9 dur tout l&rsquo;\u00e9t\u00e9 en vue des championnats d&rsquo;Allemagne. La comp\u00e9tition \u00e0 Leipzig s&rsquo;est d\u00e9roul\u00e9e avec un succ\u00e8s mitig\u00e9, tant en individuel qu&rsquo;en groupe. Mais Viktor a pu voir pour la premi\u00e8re fois les \u00ab\u00a0grands\u00a0\u00bb faire de la gymnastique et a su d\u00e8s lors ce que pouvait \u00eatre la voltige ! Il a surtout regard\u00e9 Kai Vorberg et Mark G\u00f6tting s&rsquo;entra\u00eener avec impatience. Lors de son premier CVI \u00e0 Malm\u00f6, il a re\u00e7u les premi\u00e8res f\u00e9licitations de Daniel Kaiser. Motiv\u00e9 par ces exp\u00e9riences, il a entam\u00e9 l&rsquo;entra\u00eenement d&rsquo;hiver 2006.<br \/>2006 a \u00e9t\u00e9 une ann\u00e9e de bouleversements : en raison de divergences internes, l&rsquo;ASBL s&rsquo;est finalement scind\u00e9e en deux pendant l&rsquo;\u00e9t\u00e9. Une moiti\u00e9 est rest\u00e9e en place sous le nom d&rsquo;association de voltige Pegasus Garbsen, l&rsquo;autre moiti\u00e9 (dont nous faisions partie, ainsi que la plupart des voltigeurs individuels de Hansens Sch\u00e4tzchen) a rejoint l&rsquo;association hippique Rittergut Habighorst (PSG RHB). Comme Lars, en particulier, entretenait \u00e0 l&rsquo;\u00e9poque de tr\u00e8s bons contacts avec le premier pr\u00e9sident Helmut Hader Mohrmann et la propri\u00e9taire des chevaux Katrin Hader Mohrmann, nous avons pu nous glisser \u00ab\u00a0sous le toit\u00a0\u00bb du PSV RHB. Une base ind\u00e9pendante a \u00e9t\u00e9 cr\u00e9\u00e9e : Bordenau. De 2006 \u00e0 2007, Katrin H. nous a aid\u00e9s avec les chevaux et c&rsquo;est ainsi que nous avons obtenu nos premiers succ\u00e8s en 2007 : Viktor Br\u00fcsewitz 1\u00e8re place au championnat des jeunes chevaux \u00e0 Norderstedt et donc nomination pour le cadre C f\u00e9d\u00e9ral ! L&rsquo;\u00e9quipe S nouvellement cr\u00e9\u00e9e de Habighorst a vraiment pris son envol lors du championnat national 2007 \u00e0 Sydwehe : Deux m\u00e9dailles d&rsquo;or et une d&rsquo;argent. Les fr\u00e8res Br\u00fcsewitz sont ainsi devenus champions nationaux pour la premi\u00e8re fois, \u00e0 l&rsquo;\u00e9poque avec le bloc Br\u00fcsewitz (Nora Thommy et Vik dans un bloc libre).                   <\/p>\n<p>Thommy est donc pass\u00e9 directement de l&rsquo;\u00e9quipe des gar\u00e7ons (une \u00e9quipe de pas) \u00e0 l&rsquo;\u00e9quipe des gar\u00e7ons. Sous la direction relativement stricte de l&rsquo;entra\u00eeneur Lars, il lui a cependant fallu trouver sa place dans l&rsquo;\u00e9quipe&#8230; Les amiti\u00e9s au club de natation et les grands trampolines du jardin Br\u00fcsewitz \u00e9taient trop tentants. Mais finalement, la voltige a fini par convaincre et Vik s&rsquo;est r\u00e9joui de ne plus \u00eatre le seul gar\u00e7on de l&rsquo;\u00e9quipe.<br \/>Jusqu&rsquo;en 2008, toute l&rsquo;\u00e9quipe s&rsquo;est d\u00e9velopp\u00e9e avec un bond de g\u00e9ant jusqu&rsquo;\u00e0 la sensationnelle 4e place aux championnats d&rsquo;Allemagne \u00e0 Alsfeld. Aujourd&rsquo;hui, nous savons que notre meilleur homme a toujours \u00e9t\u00e9 notre cheval Bobby ! Sans lui, une telle ascension n&rsquo;aurait pas \u00e9t\u00e9 possible. En m\u00eame temps, Thommy a commenc\u00e9 \u00e0 faire de la voltige individuelle, et il a particip\u00e9 \u00e0 son premier concours dans la salle municipale de Br\u00eame sur Lucky (un autre cheval de Katrin H.). Si nous avions su ce qu&rsquo;il adviendrait de cette t\u00eate boucl\u00e9e qui s&rsquo;est class\u00e9e juste avant Thommy \u00e0 Br\u00eame. \ud83d\ude1b<br \/>C&rsquo;\u00e9tait le temps o\u00f9 nous courions ensemble en tant que juniors ! Le Prix des meilleurs a \u00e9galement \u00e9t\u00e9 le premier grand \u00e9v\u00e9nement en individuel, surtout pour Thommy : prendre le d\u00e9part pour la premi\u00e8re fois en comp\u00e9tition avec Gero Meyer et Kai Vorberg, la \u00ab\u00a0cr\u00e8me de la cr\u00e8me\u00a0\u00bb, \u00e9tait un honneur. Auparavant, il avait d\u00fb se qualifier par le biais de diverses s\u00e9lections. C&rsquo;\u00e9tait le premier tournoi o\u00f9 il y avait un enjeu. Thommy a termin\u00e9 sa toute premi\u00e8re saison individuelle avec une surprenante 5e place lors de sa premi\u00e8re participation \u00e0 un championnat allemand de voltige individuelle junior. Cette ann\u00e9e-l\u00e0, Vik a remport\u00e9 ses premiers et derniers CVI jusqu&rsquo;en 2014 \u00e0 Ermelo et \u00e0 Vienne, ce qui lui a permis de participer pour la toute premi\u00e8re fois \u00e0 un championnat. En 2008, les Championnats d&rsquo;Europe juniors officiels de voltige individuelle ont \u00e9t\u00e9 organis\u00e9s pour la premi\u00e8re fois \u00e0 Brno, en R\u00e9publique tch\u00e8que. C&rsquo;\u00e9tait une exp\u00e9rience extraordinaire de pouvoir se rendre aux championnats d&rsquo;Europe dans le bus de l&rsquo;\u00e9quipe allemande avec tous les professionnels ! Vik s&rsquo;en souvient tr\u00e8s bien : les seniors autour de l&rsquo;entra\u00eeneur national Ulla Ramge ont \u00e9t\u00e9 affect\u00e9s chacun \u00e0 un junior pour lui souhaiter bonne chance et lui apporter un peu de soutien avant et apr\u00e8s le d\u00e9part. Kai Vorberg s&rsquo;est plac\u00e9 aux c\u00f4t\u00e9s de Vik. Personne ne savait o\u00f9 il se situerait avant la comp\u00e9tition, c&rsquo;\u00e9tait apr\u00e8s tout la premi\u00e8re ann\u00e9e des juniors. Viktor a commenc\u00e9 la comp\u00e9tition par un sprint, son maillot s&rsquo;\u00e9tant d\u00e9chir\u00e9 deux minutes avant la sonnerie, il a donc pris le d\u00e9part dans le maillot obligatoire de la voltigeuse de groupe Susanne Schmidt d&rsquo;Ingelsberg.<br \/>Au sprint sur le cercle d&rsquo;\u00e9chauffement, le num\u00e9ro de bras et le fouet ont \u00e9t\u00e9 mis en place et il est parti sur le cercle. Il s&rsquo;est dit : \u00ab\u00a0Maintenant plus que jamais\u00a0\u00bb et a quitt\u00e9 la premi\u00e8re \u00e9preuve avec une avance de 0,2 point. Il a conserv\u00e9 son statut de favori jusqu&rsquo;au dernier passage. Dans le dernier programme libre, il lui a manqu\u00e9 une petite erreur et 0,005 point pour obtenir la m\u00e9daille d&rsquo;or. En raison du potentiel d\u00e9montr\u00e9 au cours de la saison, Thommy a \u00e9galement \u00e9t\u00e9 appel\u00e9 \u00e0 faire partie du cadre f\u00e9d\u00e9ral C.<br \/>2009 Thommy a commenc\u00e9 par une victoire nette au Preis der Besten. Parall\u00e8lement, Jannik a commenc\u00e9 \u00e0 nous rejoindre.                        Au d\u00e9but, il n&rsquo;est venu s&rsquo;entra\u00eener chez nous que pendant la pause hivernale, sur les conseils de l&rsquo;entra\u00eeneur national Ulla Ramge, en raison de probl\u00e8mes de chevaux dans son club.<br \/>La photo de droite a d&rsquo;ailleurs \u00e9t\u00e9 prise lors de la premi\u00e8re visite de Jannik \u00e0 Viktor et Thommy, lorsqu&rsquo;il a confondu par erreur le g\u00e2teau avec un paillasson&#8230; \ud83d\ude00<br \/>Finalement, Jannik s&rsquo;est entra\u00een\u00e9 et a pris le d\u00e9part avec Thommy et Viktor pendant toute la saison 2009. Dans le groupe, Jannik a particip\u00e9 pour la premi\u00e8re fois \u00e0 Aix-la-Chapelle en tant que renfort obligatoire, apr\u00e8s que Thommy et Vik le lui aient demand\u00e9. Cette ann\u00e9e, il a \u00e9galement d\u00e9croch\u00e9 son premier billet pour le championnat d&rsquo;Europe junior. C&rsquo;est \u00e0 Krumke que la d\u00e9cision a finalement \u00e9t\u00e9 prise : Jannik et Thommy pourront repr\u00e9senter pour la premi\u00e8re fois les couleurs allemandes aux Championnats d&rsquo;Europe en Su\u00e8de. C&rsquo;est un immense honneur et un succ\u00e8s pour ces deux athl\u00e8tes qui s&rsquo;\u00e9taient fix\u00e9s ce grand objectif pendant l&rsquo;hiver et qui avaient atteint un autre point culminant en terminant 4\u00e8me de justesse et en remportant le titre de vice-champion d&rsquo;Europe. Avec le titre de vice-champion d&rsquo;Europe, Thommy a suivi les traces de Vik, et la m\u00e9daille d&rsquo;argent est rest\u00e9e dans la famille. Quelques semaines plus tard, Vik s&rsquo;est qualifi\u00e9 pour ses premiers championnats d&rsquo;Europe seniors. Les fr\u00e8res Br\u00fcsewitz \u00e9taient donc au complet !       <br \/>\u00ab\u00a0Nous avons pass\u00e9 ensemble une semaine vraiment grandiose \u00e0 l&rsquo;Euro en Su\u00e8de. Nous \u00e9tions tous dans la m\u00eame chambre avec Thorben Hoppe et nous en avons plus qu&rsquo;appr\u00e9ci\u00e9 ;P. Notre rythme quotidien \u00e9tait \u00e0 peu pr\u00e8s le suivant : R\u00e9veil &#8211;  &gt;  Piscine -&gt;  Petit d\u00e9jeuner -&gt;  Piscine -&gt;  vers l&rsquo;installation Conduire et voltiger\/encourager\/s&rsquo;occuper des chevaux etc. -&gt;  Revenir \u00e0 l&rsquo;h\u00f4tel -&gt;  Piscine -&gt;  D\u00eener -&gt;  Piscine -&gt;  et puis \u00e7a&#8230;\u00a0\u00bb<br \/>Dans les ann\u00e9es qui ont suivi, nous avons grandi ensemble de tournoi en tournoi et nous avons remport\u00e9 de nombreux succ\u00e8s. Nous avons domin\u00e9 le secteur junior masculin d\u00e8s le d\u00e9but. (Champion d&rsquo;Allemagne : 2008, 2010, 2011, 2012 ; or aux championnats d&rsquo;Europe : 2010, 2011 ; argent : 2008, 2009, 2010, 2012) et depuis 2011, nous avons \u00e9galement domin\u00e9 le secteur des seniors masculins. Au fil du temps, nous avons d\u00e9velopp\u00e9 un sentiment d&rsquo;\u00e9quipe tr\u00e8s particulier, que nous appelons fraternit\u00e9. Chez nous, il n&rsquo;y a pas de \u00ab\u00a0mon\u00a0\u00bb et de \u00ab\u00a0ton\u00a0\u00bb, mais seulement \u00ab\u00a0notre\u00a0\u00bb.    <br \/>Jusqu&rsquo;\u00e0 pr\u00e9sent, nous avons inclus de temps en temps trois autres compagnons de route sp\u00e9ciaux dans notre communaut\u00e9 de fr\u00e8res :<\/p>\n<p>Torben Jacobs<br \/>En 2010, les choses ont \u00e9volu\u00e9 de la m\u00eame mani\u00e8re que pour Jannik l&rsquo;ann\u00e9e pr\u00e9c\u00e9dente, avec Torben Jacobs. Il a rejoint l&rsquo;\u00e9quipe S en hiver 2009-2010 en tant que membre \u00e0 part enti\u00e8re.<br \/>Torben est devenu la \u00ab\u00a0t\u00eate\u00a0\u00bb de nos fr\u00e8res, car il avait toujours un \u0153il sur l&rsquo;horloge et les autres rendez-vous. C&rsquo;est pourquoi on l&rsquo;a surnomm\u00e9 \u00ab\u00a0la t\u00eate\u00a0\u00bb. Nous avons pass\u00e9 d&rsquo;innombrables week-ends ensemble dans la maison Br\u00fcsewitz et c&rsquo;est \u00e0 cette \u00e9poque que nous avons d\u00e9velopp\u00e9 le nom VITOJA, Vi pour Vik, to pour Thommy et Ja pour Jannik, et pour t\u00eate, une t\u00eate de Pagman a \u00e9t\u00e9 peinte autour de l&rsquo;\u00e9criture.   <br \/>  Malheureusement, Kopf a d\u00fb nous quitter pour ses \u00e9tudes et fait maintenant de la voltige \u00e0 Cologne. C&rsquo;\u00e9tait une p\u00e9riode formidable avec toi, que nous n&rsquo;oublierons jamais !<br \/>Mark Philip G\u00f6ttingen<br \/>Pendant l&rsquo;\u00e9t\u00e9 2010, Mark Philip G\u00f6tting est venu s&rsquo;installer dans la chambre de Viktor pour quelques mois, car il a commenc\u00e9 \u00e0 \u00e9tudier \u00e0 Hanovre sur notre demande. Avec lui, nous avons form\u00e9 une nouvelle \u00e9quipe. Pas n\u00e9cessairement au niveau sportif, mais plut\u00f4t au niveau du reste de la vie. Il a aid\u00e9 l&rsquo;un ou l&rsquo;autre d&rsquo;entre nous \u00e0 surmonter des moments parfois difficiles. Malheureusement, tu as d\u00fb nous quitter \u00e0 cause de tes \u00e9tudes ! Nous n&rsquo;oublierons jamais les moments pass\u00e9s avec toi, c&rsquo;\u00e9tait une \u00e9poque g\u00e9niale !      <br \/>Johannes Kay<br \/>Johannes Kay, alias Joey, avait officiellement mis fin \u00e0 sa carri\u00e8re de voltigeur fin 2012. Apr\u00e8s que Vik et Jannik aient \u00e9t\u00e9 r\u00e9f\u00e9rents pour le cadre f\u00e9d\u00e9ral C cet hiver, ils ont r\u00e9alis\u00e9 que Joey aurait d\u00fb \u00eatre l\u00e0 aussi, et nous l&rsquo;avons appel\u00e9 sur le chemin du retour pour lui demander \u00ab\u00a0ce qu&rsquo;il avait de cass\u00e9 pour arr\u00eater la voltige\u00a0\u00bb. \ud83d\ude09 Comme Vik \u00e9tait malheureusement bless\u00e9 \u00e0 ce moment-l\u00e0, il nous restait un cheval et il lui a propos\u00e9 de s&rsquo;entra\u00eener et de d\u00e9marrer sur Rockard. De toute fa\u00e7on, l&rsquo;h\u00e9bergement ne pose aucun probl\u00e8me \u00e0 la \u00ab\u00a0Haus Sonnenschein\u00a0\u00bb. Joey a donc emm\u00e9nag\u00e9 chez nous quelques jours plus tard. Avec lui aussi, nous avons pass\u00e9 des moments vraiment cools et amusants dont nous nous souvenons toujours avec plaisir. Joey a besoin chaque jour d&rsquo;\u00eatre \u00ab\u00a0irradi\u00e9\u00a0\u00bb par son PC, son t\u00e9l\u00e9phone portable, sa t\u00e9l\u00e9vision, sa PS-Vita ou autre, ou de pr\u00e9f\u00e9rence tout cela en m\u00eame temps :D. et peut-\u00eatre que quelqu&rsquo;un d&rsquo;autre serait devenu champion du monde 2014 si nous n&rsquo;avions pas appel\u00e9 Joe \u00e0 l&rsquo;\u00e9poque&#8230;<\/p>\n<p>Nous souhaitons maintenant remercier les personnes suivantes pour leur soutien !<br \/>Ancien entra\u00eeneur Lars Hansen<br \/>Merci Lars, nous savons tous que tu as jou\u00e9 un r\u00f4le important pour nous amener l\u00e0 o\u00f9 nous sommes aujourd&rsquo;hui dans le sport. Au cours de nos ann\u00e9es de d\u00e9veloppement, tu as pu nous soutenir comme nous en avions besoin. Avec toi, nous avons presque toujours atteint les objectifs que nous nous \u00e9tions fix\u00e9s ! Nous pouvons dire que nous avons suivi les traces de Julian et que nous avons surv\u00e9cu \u00e0 ta dure \u00e9cole, mais que nous en avons aussi eu besoin. Nos performances t\u00e9moignent de tes comp\u00e9tences d&rsquo;entra\u00eeneur. Merci pour ton engagement !     <\/p>\n<p>Propri\u00e9taire de Bobby Dorte Breas<br \/>Merci Dorte, comme nous l&rsquo;avons d\u00e9j\u00e0 d\u00e9crit, nous savons aujourd&rsquo;hui que nous avons \u00e9t\u00e9 g\u00e2t\u00e9s avec Bobby ! A nos yeux, il est l&rsquo;un des meilleurs chevaux de voltige que nous connaissions. C&rsquo;est lui qui nous a permis de r\u00e9ussir rapidement. Ce n&rsquo;est pas pour rien qu&rsquo;il a remport\u00e9 \u00ab\u00a0en plus\u00a0\u00bb quatre m\u00e9dailles en individuel avec nous aux championnats d&rsquo;Europe. Merci de l&rsquo;avoir mis \u00e0 notre disposition pendant si longtemps, nous vous souhaitons, \u00e0 toi et \u00e0 lui, une vie heureuse.    <\/p>\n<p>Katrin et Helmut Hader Mormann<br \/>Merci Katrin, merci Helmut, vous nous avez accueillis comme nouveaux parrains de l&rsquo;association en 2006, et nous avons tous les trois pu compter sur vos chevaux dans des moments difficiles. Vous avez ainsi contribu\u00e9 activement \u00e0 notre parcours sportif et vous constituez une partie de nos racines dans la voltige. Merci pour votre soutien !  <\/p>\n<p>Maman et Papa Br\u00fcsewitz &amp; Heiland<br \/>Merci, c&rsquo;est vous qui nous avez amen\u00e9s \u00e0 ce sport, vous \u00eates toujours derri\u00e8re nous, vous nous avez toujours conduits \u00e0 l&rsquo;entra\u00eenement et vous nous avez permis de pratiquer la voltige d\u00e8s le d\u00e9but ! Aujourd&rsquo;hui encore, vous nous nourrissez o\u00f9 vous le pouvez ! Merci \u00e0 ! !!!  <\/p>\n\t\t\t\t\t\t\t\t<\/div>\n\t\t\t\t<\/div>\n\t\t\t\t\t<\/div>\n\t\t\t\t<\/div>\n\t\t\t\t<\/div>\n\t\t","protected":false},"excerpt":{"rendered":"<p>Historique des fr\u00e8res Br\u00fcsewitz Vik Br\u00fcsewitz a commenc\u00e9 la voltige en 1998 et a rapidement rejoint le club de voltige Pegasus Garbsen. Ses succ\u00e8s pr\u00e9coces l&rsquo;ont conduit \u00e0 faire partie de la premi\u00e8re \u00e9quipe et \u00e0 pratiquer la voltige individuelle. Son fr\u00e8re Tommy l&rsquo;a suivi dans ce sport, entra\u00een\u00e9 par Lars Hansen. Apr\u00e8s des divergences [&hellip;]<\/p>\n","protected":false},"author":1,"featured_media":0,"parent":6221,"menu_order":0,"comment_status":"closed","ping_status":"closed","template":"","meta":{"jetpack_post_was_ever_published":false,"footnotes":""},"class_list":["post-6212","page","type-page","status-publish","hentry"],"jetpack_sharing_enabled":true,"jetpack_shortlink":"https:\/\/wp.me\/P6xIF9-1Cc","jetpack_likes_enabled":true,"_links":{"self":[{"href":"https:\/\/bruesewitz-brueder.com\/fr\/wp-json\/wp\/v2\/pages\/6212","targetHints":{"allow":["GET"]}}],"collection":[{"href":"https:\/\/bruesewitz-brueder.com\/fr\/wp-json\/wp\/v2\/pages"}],"about":[{"href":"https:\/\/bruesewitz-brueder.com\/fr\/wp-json\/wp\/v2\/types\/page"}],"author":[{"embeddable":true,"href":"https:\/\/bruesewitz-brueder.com\/fr\/wp-json\/wp\/v2\/users\/1"}],"replies":[{"embeddable":true,"href":"https:\/\/bruesewitz-brueder.com\/fr\/wp-json\/wp\/v2\/comments?post=6212"}],"version-history":[{"count":1,"href":"https:\/\/bruesewitz-brueder.com\/fr\/wp-json\/wp\/v2\/pages\/6212\/revisions"}],"predecessor-version":[{"id":6219,"href":"https:\/\/bruesewitz-brueder.com\/fr\/wp-json\/wp\/v2\/pages\/6212\/revisions\/6219"}],"up":[{"embeddable":true,"href":"https:\/\/bruesewitz-brueder.com\/fr\/wp-json\/wp\/v2\/pages\/6221"}],"wp:attachment":[{"href":"https:\/\/bruesewitz-brueder.com\/fr\/wp-json\/wp\/v2\/media?parent=6212"}],"curies":[{"name":"wp","href":"https:\/\/api.w.org\/{rel}","templated":true}]}}