{"id":6234,"date":"2015-09-19T19:12:55","date_gmt":"2015-09-19T17:12:55","guid":{"rendered":"https:\/\/bruesewitz-brueder.com\/mentions-legales\/"},"modified":"2015-09-19T19:12:55","modified_gmt":"2015-09-19T17:12:55","slug":"mentions-legales","status":"publish","type":"page","link":"https:\/\/bruesewitz-brueder.com\/fr\/mentions-legales\/","title":{"rendered":"Mentions l\u00e9gales"},"content":{"rendered":"<h3 align=\"justify\"><span style=\"font-family: 'Eras Light ITC', sans-serif;\">Heiland &amp; Br\u00fcsewitz GbR<br \/>\n<\/span><\/h3>\n<p>N\u00b0 de pi\u00e8ce : 50\/230\/06502<\/p>\n<h4>\u00c0 la gare 7a<\/h4>\n<h4>21445 Wulfsen<\/h4>\n<h4 align=\"justify\"><span style=\"font-family: 'Eras Light ITC', sans-serif;\">Allemagne<\/span><\/h4>\n<h4 align=\"justify\"><span style=\"font-family: 'Eras Light ITC', sans-serif;\">T\u00e9l\u00e9phone : +49 1789206206<br \/>\n<\/span><\/h4>\n<h4 align=\"justify\"><span style=\"color: #0563c1;\"><u><a href=\"mailto:info@bruesewitz-brueder.com\" target=\"_top\" rel=\"noopener noreferrer\"><span style=\"font-family: 'Eras Light ITC', sans-serif;\">info@bruesewitz-brueder.com<\/span><\/a><\/u><\/span><\/h4>\n<h2><span style=\"font-family: 'Eras Light ITC', sans-serif;\">Informations sur l&rsquo;entreprise conform\u00e9ment au \u00a7 5 de la loi sur les t\u00e9l\u00e9m\u00e9dias (TMG) :<\/span><\/h2>\n<p align=\"justify\"><span style=\"font-family: 'Eras Light ITC', sans-serif;\">Heiland &amp; Br\u00fcsewitz GbR<br \/>\n<\/span><\/p>\n<p align=\"justify\"><span style=\"font-family: 'Eras Light ITC', sans-serif;\">\u00c0 la gare 7a<br \/>\n<\/span><\/p>\n<p align=\"justify\"><span style=\"font-family: 'Eras Light ITC', sans-serif;\">21445 Wulfsen<br \/>\n<\/span><\/p>\n<p align=\"justify\"><span style=\"font-family: 'Eras Light ITC', sans-serif;\">Tribunal d&rsquo;instance de Hanovre HRB 206709<\/span><\/p>\n<p align=\"justify\"><span style=\"font-family: 'Eras Light ITC', sans-serif;\">Num\u00e9ro de TVA :<br \/>\n<\/span><\/p>\n<p align=\"justify\">repr\u00e9sent\u00e9e par : <span style=\"font-family: 'Eras Light ITC', sans-serif;\">Jannik Heiland &amp; Viktor Br\u00fcsewitz<br \/>\n<\/span><\/p>\n<h2><span style=\"font-family: 'Eras Light ITC', sans-serif;\">Avis de droit d&rsquo;auteur :<\/span><\/h2>\n<p align=\"justify\"><span style=\"font-family: 'Eras Light ITC', sans-serif;\">Les textes, les images, les graphiques et la mise en page de ces pages sont soumis aux droits d&rsquo;auteur dans le monde entier. L&rsquo;utilisation, la reproduction ou la transmission non autoris\u00e9es de certains contenus ou de pages enti\u00e8res feront l&rsquo;objet de poursuites p\u00e9nales et civiles. <\/span><\/p>\n<p align=\"justify\"><span style=\"font-family: 'Eras Light ITC', sans-serif;\">R\u00e9f\u00e9rences et liens<\/span><\/p>\n<p align=\"justify\"><span style=\"font-family: 'Eras Light ITC', sans-serif;\">Ce site web contient \u00e9galement, \u00e0 titre d&rsquo;information, des liens ou des r\u00e9f\u00e9rences \u00e0 des sites web de tiers. La responsabilit\u00e9 de ces contenus externes incombe exclusivement au fournisseur qui les met \u00e0 disposition. Ce site Internet ne fait que donner acc\u00e8s \u00e0 l&rsquo;utilisation de ces contenus. Lors de la premi\u00e8re connexion \u00e0 une autre offre Internet, son contenu a \u00e9t\u00e9 v\u00e9rifi\u00e9 afin de d\u00e9terminer si une \u00e9ventuelle responsabilit\u00e9 civile ou p\u00e9nale pouvait en d\u00e9couler. Cependant, Vileile n&rsquo;a aucune influence sur la conception actuelle et future, les contenus ou la paternit\u00e9 des pages li\u00e9es\/associ\u00e9es. C&rsquo;est pourquoi Vilever UG se distancie express\u00e9ment par la pr\u00e9sente de tous les contenus de toutes les pages li\u00e9es\/associ\u00e9es qui ont \u00e9t\u00e9 modifi\u00e9es apr\u00e8s l&rsquo;\u00e9tablissement des liens.     <\/span><\/p>\n<h2 align=\"justify\"><span style=\"font-family: 'Eras Light ITC', sans-serif;\">Mentions l\u00e9gales<\/span><\/h2>\n<p align=\"justify\"><span style=\"font-family: 'Eras Light ITC', sans-serif;\">La Commission europ\u00e9enne met \u00e0 disposition une plateforme de r\u00e8glement extrajudiciaire des litiges en ligne (dite plateforme OSP) sur le site http:\/\/ec.europa.eu\/consumers\/odr\/.<\/span><\/p>\n","protected":false},"excerpt":{"rendered":"<p>Heiland &amp; Br\u00fcsewitz GbR N\u00b0 de pi\u00e8ce : 50\/230\/06502 \u00c0 la gare 7a 21445 Wulfsen Allemagne T\u00e9l\u00e9phone : +49 1789206206 info@bruesewitz-brueder.com Informations sur l&rsquo;entreprise conform\u00e9ment au \u00a7 5 de la loi sur les t\u00e9l\u00e9m\u00e9dias (TMG) : Heiland &amp; Br\u00fcsewitz GbR \u00c0 la gare 7a 21445 Wulfsen Tribunal d&rsquo;instance de Hanovre HRB 206709 Num\u00e9ro de TVA [&hellip;]<\/p>\n","protected":false},"author":1,"featured_media":0,"parent":0,"menu_order":0,"comment_status":"closed","ping_status":"closed","template":"","meta":{"jetpack_post_was_ever_published":false,"footnotes":""},"class_list":["post-6234","page","type-page","status-publish","hentry"],"jetpack_sharing_enabled":true,"jetpack_shortlink":"https:\/\/wp.me\/P6xIF9-1Cy","jetpack_likes_enabled":true,"_links":{"self":[{"href":"https:\/\/bruesewitz-brueder.com\/fr\/wp-json\/wp\/v2\/pages\/6234","targetHints":{"allow":["GET"]}}],"collection":[{"href":"https:\/\/bruesewitz-brueder.com\/fr\/wp-json\/wp\/v2\/pages"}],"about":[{"href":"https:\/\/bruesewitz-brueder.com\/fr\/wp-json\/wp\/v2\/types\/page"}],"author":[{"embeddable":true,"href":"https:\/\/bruesewitz-brueder.com\/fr\/wp-json\/wp\/v2\/users\/1"}],"replies":[{"embeddable":true,"href":"https:\/\/bruesewitz-brueder.com\/fr\/wp-json\/wp\/v2\/comments?post=6234"}],"version-history":[{"count":0,"href":"https:\/\/bruesewitz-brueder.com\/fr\/wp-json\/wp\/v2\/pages\/6234\/revisions"}],"wp:attachment":[{"href":"https:\/\/bruesewitz-brueder.com\/fr\/wp-json\/wp\/v2\/media?parent=6234"}],"curies":[{"name":"wp","href":"https:\/\/api.w.org\/{rel}","templated":true}]}}