{"id":6239,"date":"2015-10-30T21:08:10","date_gmt":"2015-10-30T20:08:10","guid":{"rendered":"https:\/\/bruesewitz-brueder.com\/spectacles\/show-des-freres-bruesewitz\/"},"modified":"2015-10-30T21:08:10","modified_gmt":"2015-10-30T20:08:10","slug":"show-des-freres-bruesewitz","status":"publish","type":"page","link":"https:\/\/bruesewitz-brueder.com\/fr\/spectacles\/show-des-freres-bruesewitz\/","title":{"rendered":"Show des fr\u00e8res Br\u00fcsewitz"},"content":{"rendered":"<h1 style=\"text-align: center;\">Spectacles des fr\u00e8res Br\u00fcsewitz<\/h1>\n<hr>\n<h3>Pourquoi faisons-nous des spectacles ?<\/h3>\n<h4 style=\"text-align: justify;\">Nous prenons \u00e9norm\u00e9ment de plaisir \u00e0 faire de la voltige devant un public enthousiaste. Montrer notre savoir-faire lors de spectacles, sans la pression de la comp\u00e9tition, est une excellente compensation \u00e0 la vie quotidienne souvent aust\u00e8re des comp\u00e9titions. Sans vouloir renoncer le moins du monde aux comp\u00e9titions, un spectacle r\u00e9ussi nous procure au moins autant de plaisir ! Nous attendons beaucoup de nous-m\u00eames pour enthousiasmer et divertir le public ! Nous disposons d\u00e9sormais d&rsquo;un r\u00e9pertoire tr\u00e8s vari\u00e9 de spectacles et de th\u00e8mes de spectacle. Mais ce qui nous pla\u00eet le plus, c&rsquo;est de cr\u00e9er un nouveau spectacle avec de la musique, des costumes, de la danse et bien s\u00fbr des chor\u00e9graphies de voltigeurs ! Ces derni\u00e8res ann\u00e9es, nous avons eu l&rsquo;honneur de repr\u00e9senter notre sport sous la forme d&rsquo;un spectacle de voltige des fr\u00e8res Br\u00fcsewitz lors des plus grands \u00e9v\u00e9nements \u00e9questres d&rsquo;Allemagne ! Merci pour cette confiance ! Vous trouverez ci-dessous un petit extrait de quelques-uns de nos spectacles.        <\/h4>\n<p>&nbsp;<\/p>\n<p><strong>\u2192 <span style=\"text-decoration: underline;\">Br\u00fcsewitz Br\u00fcder Show Bande-annonce<\/span><br \/>\n<\/strong><\/p>\n<p><iframe src=\"\/\/www.youtube.com\/embed\/FFg6Uq2bSFk\" width=\"700\" height=\"400\" allowfullscreen=\"allowfullscreen\"><\/iframe><\/p>\n<hr>\n<h2><em> <\/em>En savoir plus ?<\/h2>\n<h4 style=\"text-align: justify;\">Nous sommes r\u00e9guli\u00e8rement invit\u00e9s \u00e0 participer au programme de soir\u00e9e de divers \u00e9v\u00e9nements, salons, ventes aux ench\u00e8res, soir\u00e9es de gala, tournois et anniversaires. Nous enthousiasmons le public avec un spectacle de voltige, de danse et d&rsquo;acrobatie unique et \u00e9poustouflant. Nous sommes constamment en train de d\u00e9velopper nos spectacles avec de nouvelles chor\u00e9graphies, de nouveaux costumes et des effets sp\u00e9ciaux afin de pouvoir pr\u00e9senter aux spectateurs de nouveaux moments forts.  <\/h4>\n<h4><u>Quelques-uns de nos derniers sujets :<\/u><\/h4>\n<ul style=\"list-style-type: square;\">\n<li>\n<h4>Classique\/Mozart\/Baroque\/Parodie d&rsquo;op\u00e9ra<\/h4>\n<\/li>\n<li>\n<h4>Boygroup (Backstreet Boys)<\/h4>\n<\/li>\n<li>\n<h4>Monstre\/Zombie<\/h4>\n<\/li>\n<li>\n<h4>Hip Hop\/New York Gang<\/h4>\n<\/li>\n<li>\n<h4>Des moines en pleine transformation<\/h4>\n<\/li>\n<li>\n<h4>LED\/Future\/Dubstep<\/h4>\n<\/li>\n<li>\n<h4>Superh\u00e9ros<\/h4>\n<\/li>\n<li>\n<h4>Le monde mystique<\/h4>\n<\/li>\n<\/ul>\n<hr>\n<h2>Int\u00e9ress\u00e9(e) ?<\/h2>\n<h4>Vous voulez un spectacle de voltige, de danse et d&rsquo;acrobatie unique et \u00e9poustouflant ?<\/h4>\n<h4>Alors contactez-nous !<\/h4>\n<h4><\/h4>\n<h3>Courrier \u00e9lectronique : <a href=\"mailto:shows@bruesewitz-brueder.com\"><strong>shows@bruesewitz-brueder.com<\/strong><\/a> ou t\u00e9l. : <strong>0178 9206206<\/strong><\/h3>\n<h4><\/h4>\n<h4>Nous pouvons \u00e9galement \u00e9laborer avec vous un programme de spectacle individuel, enti\u00e8rement adapt\u00e9 \u00e0 votre \u00e9v\u00e9nement et conforme \u00e0 vos attentes.<\/h4>\n<hr>\n<h2>Pourquoi un spectacle avec les fr\u00e8res Br\u00fcsewitz ?<\/h2>\n<ul style=\"list-style-type: square;\">\n<li>\n<h4>Nous faisons partie des meilleurs voltigeurs au monde.<\/h4>\n<\/li>\n<li>\n<h4>Une longue exp\u00e9rience du spectacle <em>(un bon voltigeur ne suffit pas \u00e0 faire un bon spectacle)<\/em><\/h4>\n<\/li>\n<li>\n<h4>Vaste r\u00e9pertoire de mat\u00e9riel de spectacle (costumes, musique appropri\u00e9e, accessoires)<\/h4>\n<\/li>\n<li>\n<h4>Possibilit\u00e9 de fonctionnalit\u00e9s de spectacle suppl\u00e9mentaires telles que machine \u00e0 fum\u00e9e, laser, trampoline g\u00e9ant, etc.<\/h4>\n<\/li>\n<li>\n<h4>Exp\u00e9rience dans l&rsquo;organisation d&rsquo;\u00e9v\u00e9nements (par le biais de soir\u00e9es spectacles organis\u00e9es par vos soins)<\/h4>\n<\/li>\n<li>\n<h4>Voltige individuelle, double voltige et voltige par \u00e9quipe au plus haut niveau<\/h4>\n<\/li>\n<li>\n<h4>Programme de spectacle individuel\/exclusif possible<\/h4>\n<\/li>\n<\/ul>\n<hr>\n<h2>R\u00e9f\u00e9rences<\/h2>\n<ul style=\"list-style-type: square;\">\n<li>\n<h4>Hop Top Show dans le cadre d&rsquo;Equitana \u00e0 Essen<\/h4>\n<\/li>\n<li>\n<h4>La nuit des chevaux dans le cadre de Pferd &amp; Jagt \u00e0 Hanovre<\/h4>\n<\/li>\n<li>\n<h4>Soir\u00e9e de gala dans le cadre de la vente aux ench\u00e8res Elite \u00e0 Verden<\/h4>\n<\/li>\n<li>\n<h4>Soir\u00e9e de gala dans le cadre de l&rsquo;Agravis Cup Oldenburg<\/h4>\n<\/li>\n<li>\n<h4>MiMaMo Show dans le cadre du salon Pferd &amp; Jagd \u00e0 Hanovre<\/h4>\n<\/li>\n<li>\n<h4>Junkern Beel &#8211; Festival de l&rsquo;Ouest<\/h4>\n<\/li>\n<\/ul>\n<hr>\n<h2>Vid\u00e9os de spectacle des fr\u00e8res Br\u00fcsewitz<\/h2>\n<h4>Br\u00fcsewitz Br\u00fcder Show Bande-annonce 2015<\/h4>\n<h4><a href=\"https:\/\/www.youtube.com\/watch?v=FFg6Uq2bSFk\">https:\/\/www.youtube.com\/watch?v=FFg6Uq2bSFk<\/a><\/h4>\n<p><iframe src=\"\/\/www.youtube.com\/embed\/FFg6Uq2bSFk\" width=\"560\" height=\"314\" allowfullscreen=\"allowfullscreen\"><\/iframe><\/p>\n<p><iframe src=\"\/\/player.vimeo.com\/video\/118609146?title=0&amp;byline=0\" width=\"560\" height=\"350\" allowfullscreen=\"allowfullscreen\"><\/iframe><\/p>\n<p>&nbsp;<\/p>\n<p>&nbsp;<\/p>\n<p>&nbsp;<\/p>\n<p>&nbsp;<\/p>\n<p>&nbsp;<\/p>\n<p>&nbsp;<\/p>\n<p>&nbsp;<\/p>\n<p><em> <\/em><\/p>\n","protected":false},"excerpt":{"rendered":"<p>Spectacles des fr\u00e8res Br\u00fcsewitz Pourquoi faisons-nous des spectacles ? Nous prenons \u00e9norm\u00e9ment de plaisir \u00e0 faire de la voltige devant un public enthousiaste. Montrer notre savoir-faire lors de spectacles, sans la pression de la comp\u00e9tition, est une excellente compensation \u00e0 la vie quotidienne souvent aust\u00e8re des comp\u00e9titions. Sans vouloir renoncer le moins du monde aux [&hellip;]<\/p>\n","protected":false},"author":1,"featured_media":0,"parent":6213,"menu_order":0,"comment_status":"closed","ping_status":"closed","template":"","meta":{"jetpack_post_was_ever_published":false,"footnotes":""},"class_list":["post-6239","page","type-page","status-publish","hentry"],"jetpack_sharing_enabled":true,"jetpack_shortlink":"https:\/\/wp.me\/P6xIF9-1CD","jetpack_likes_enabled":true,"_links":{"self":[{"href":"https:\/\/bruesewitz-brueder.com\/fr\/wp-json\/wp\/v2\/pages\/6239","targetHints":{"allow":["GET"]}}],"collection":[{"href":"https:\/\/bruesewitz-brueder.com\/fr\/wp-json\/wp\/v2\/pages"}],"about":[{"href":"https:\/\/bruesewitz-brueder.com\/fr\/wp-json\/wp\/v2\/types\/page"}],"author":[{"embeddable":true,"href":"https:\/\/bruesewitz-brueder.com\/fr\/wp-json\/wp\/v2\/users\/1"}],"replies":[{"embeddable":true,"href":"https:\/\/bruesewitz-brueder.com\/fr\/wp-json\/wp\/v2\/comments?post=6239"}],"version-history":[{"count":0,"href":"https:\/\/bruesewitz-brueder.com\/fr\/wp-json\/wp\/v2\/pages\/6239\/revisions"}],"up":[{"embeddable":true,"href":"https:\/\/bruesewitz-brueder.com\/fr\/wp-json\/wp\/v2\/pages\/6213"}],"wp:attachment":[{"href":"https:\/\/bruesewitz-brueder.com\/fr\/wp-json\/wp\/v2\/media?parent=6239"}],"curies":[{"name":"wp","href":"https:\/\/api.w.org\/{rel}","templated":true}]}}