{"id":6240,"date":"2016-07-28T11:00:23","date_gmt":"2016-07-28T09:00:23","guid":{"rendered":"https:\/\/bruesewitz-brueder.com\/sport\/nos-sponsors\/"},"modified":"2025-03-12T21:28:09","modified_gmt":"2025-03-12T20:28:09","slug":"nos-sponsors","status":"publish","type":"page","link":"https:\/\/bruesewitz-brueder.com\/fr\/sport\/nos-sponsors\/","title":{"rendered":"Nos sponsors"},"content":{"rendered":"\t\t<div data-elementor-type=\"wp-page\" data-elementor-id=\"6240\" class=\"elementor elementor-6240 elementor-534\" data-elementor-post-type=\"page\">\n\t\t\t\t<div class=\"elementor-element elementor-element-2301f8dd e-flex e-con-boxed e-con e-parent\" data-id=\"2301f8dd\" data-element_type=\"container\" data-e-type=\"container\">\n\t\t\t\t\t<div class=\"e-con-inner\">\n\t\t\t\t<div class=\"elementor-element elementor-element-1c35821e elementor-widget elementor-widget-text-editor\" data-id=\"1c35821e\" data-element_type=\"widget\" data-e-type=\"widget\" data-widget_type=\"text-editor.default\">\n\t\t\t\t<div class=\"elementor-widget-container\">\n\t\t\t\t\t\t\t\t\t<a href=\"https:\/\/bruesewitz-brueder.com\/wp-content\/uploads\/2016\/07\/Itzehoer_Logo_inklClaim.jpg\"><img fetchpriority=\"high\" decoding=\"async\" class=\" wp-image-540 aligncenter\" src=\"https:\/\/bruesewitz-brueder.com\/wp-content\/uploads\/2016\/07\/Itzehoer_Logo_inklClaim-300x169.jpg\" alt=\"Notre grand fr\u00e8re Itzehoer Versicherung\" width=\"369\" height=\"208\"><\/a>\nNous sommes tr\u00e8s heureux d&rsquo;avoir Itzehoer Versicherungen comme partenaire \u00e0 nos c\u00f4t\u00e9s&#8230; Depuis 2012, nous arborons fi\u00e8rement le \u00ab\u00a0drapeau\u00a0\u00bb d&rsquo;Itzeho lors des comp\u00e9titions. Lors de nos \u00e9v\u00e9nements communs, nos interlocuteurs nous soutiennent toujours pleinement ! C&rsquo;est g\u00e9nial d&rsquo;avoir un \u00ab\u00a0grand fr\u00e8re\u00a0\u00bb comme \u00e7a, qui vous soutient.\n<h1><a href=\"http:\/\/www.itzehoer.de\">www.itzehoer.de<\/a><\/h1>\n&nbsp;\n\n<a href=\"https:\/\/bruesewitz-brueder.com\/wp-content\/uploads\/2016\/07\/Itzehoer.jpg\"><img decoding=\"async\" class=\"alignnone wp-image-809 size-full\" src=\"https:\/\/bruesewitz-brueder.com\/wp-content\/uploads\/2016\/07\/Itzehoer.jpg\" alt=\"itzehoer\" width=\"960\" height=\"693\" srcset=\"https:\/\/bruesewitz-brueder.com\/wp-content\/uploads\/2016\/07\/Itzehoer.jpg 960w, https:\/\/bruesewitz-brueder.com\/wp-content\/uploads\/2016\/07\/Itzehoer-600x433.jpg 600w, https:\/\/bruesewitz-brueder.com\/wp-content\/uploads\/2016\/07\/Itzehoer-300x217.jpg 300w, https:\/\/bruesewitz-brueder.com\/wp-content\/uploads\/2016\/07\/Itzehoer-768x554.jpg 768w\" sizes=\"(max-width: 960px) 100vw, 960px\" \/><\/a>\n\n&nbsp;\n\n<hr>\n\n<h1><\/h1>\n<a href=\"https:\/\/bruesewitz-brueder.com\/wp-content\/uploads\/2016\/07\/Boeckmann_Logo_2016_.png\"><img decoding=\"async\" class=\"aligncenter wp-image-841 size-medium\" src=\"https:\/\/bruesewitz-brueder.com\/wp-content\/uploads\/2016\/07\/Boeckmann_Logo_2016_-300x149.png\" width=\"300\" height=\"149\" srcset=\"https:\/\/bruesewitz-brueder.com\/wp-content\/uploads\/2016\/07\/Boeckmann_Logo_2016_-300x149.png 300w, https:\/\/bruesewitz-brueder.com\/wp-content\/uploads\/2016\/07\/Boeckmann_Logo_2016_-600x297.png 600w, https:\/\/bruesewitz-brueder.com\/wp-content\/uploads\/2016\/07\/Boeckmann_Logo_2016_-768x380.png 768w, https:\/\/bruesewitz-brueder.com\/wp-content\/uploads\/2016\/07\/Boeckmann_Logo_2016_.png 1024w\" sizes=\"(max-width: 300px) 100vw, 300px\" \/><\/a>\n\nAvec B\u00f6ckmann, notre plus jeune \u00ab\u00a0fr\u00e8re\u00a0\u00bb. Actuellement, on nous fournit g\u00e9n\u00e9reusement deux vans avec tout ce qu&rsquo;il faut. Ce que nous trouvons particuli\u00e8rement cool, c&rsquo;est l&rsquo;ouverture d&rsquo;esprit dont nous avons fait preuve en produisant directement deux pendentifs \u00e0 notre image ! En faisant connaissance avec le directeur g\u00e9n\u00e9ral, Klaus B\u00f6ckmann, nous avons d\u00e9couvert de superbes parall\u00e8les. Nous, les trois fr\u00e8res Br\u00fcsewitz, sommes quasiment les leaders du march\u00e9 de la voltige individuelle masculine, pour reprendre les termes de Jessica Lichtenberg (Neuss). Il en va de m\u00eame pour B\u00f6ckmann Fahrzeugwerke GmbH en Allemagne. En outre, la marque est port\u00e9e dans le monde entier par les quatre fr\u00e8res B\u00f6ckmann. Que ce soit dans l&rsquo;\u00e9levage, la comp\u00e9tition ou les usines de v\u00e9hicules, la recette du succ\u00e8s r\u00e9side dans les racines familiales, comme c&rsquo;est le cas pour notre confr\u00e9rie !\n<h1><a href=\"http:\/\/www.boeckmann.com\">www.boeckmann.com<\/a><\/h1>\n&nbsp;\n\n<a href=\"https:\/\/bruesewitz-brueder.com\/wp-content\/uploads\/2016\/07\/B%C3%B6ckmann2.jpg\"><img loading=\"lazy\" decoding=\"async\" class=\"alignnone wp-image-811 size-full\" src=\"https:\/\/bruesewitz-brueder.com\/wp-content\/uploads\/2016\/07\/B%C3%B6ckmann2.jpg\" alt=\"boeckmann2\" width=\"891\" height=\"547\"><\/a>\n\n<hr>\n\n<a href=\"https:\/\/bruesewitz-brueder.com\/wp-content\/uploads\/2016\/07\/header_krueger_aviation-e1489143836610.png\"><img loading=\"lazy\" decoding=\"async\" class=\"aligncenter size-full wp-image-927\" src=\"https:\/\/bruesewitz-brueder.com\/wp-content\/uploads\/2016\/07\/header_krueger_aviation-e1489143836610.png\" alt=\"\" width=\"332\" height=\"255\" srcset=\"https:\/\/bruesewitz-brueder.com\/wp-content\/uploads\/2016\/07\/header_krueger_aviation-e1489143836610.png 332w, https:\/\/bruesewitz-brueder.com\/wp-content\/uploads\/2016\/07\/header_krueger_aviation-e1489143836610-300x230.png 300w\" sizes=\"(max-width: 332px) 100vw, 332px\" \/><\/a>La soci\u00e9t\u00e9 Kr\u00fcger Aviation est notre plus jeune partenaire et \u00e9galement l&#8217;employeur de Jannik. Cette entreprise dynamique, innovante et en forte croissance est sp\u00e9cialis\u00e9e dans la conception, la construction et la fabrication de composants en plastique pour l&rsquo;am\u00e9nagement int\u00e9rieur des cabines d&rsquo;avion. Gr\u00e2ce \u00e0 l&rsquo;utilisation de machines de production de pointe et de technologies innovantes telles que les robots de fraisage 5 axes, les machines de thermoformage et l&rsquo;impression 3D, l&rsquo;entreprise est parfaitement \u00e9quip\u00e9e pour produire toutes les g\u00e9om\u00e9tries de moules. Parall\u00e8lement, Kr\u00fcger Aviation est le leader mondial de la fabrication de miroirs dans le domaine du lavatory et dispose d&rsquo;une large gamme de produits dans le commerce de produits semi-finis.\n\n<a href=\"http:\/\/www.krueger-aviation.de\/en\/\">http:\/\/www.krueger-aviation.de\/en\/<\/a>\n\n<a href=\"https:\/\/bruesewitz-brueder.com\/wp-content\/uploads\/2016\/07\/DSC_1500-1.jpg\"><img loading=\"lazy\" decoding=\"async\" class=\"aligncenter wp-image-929 size-full\" src=\"https:\/\/bruesewitz-brueder.com\/wp-content\/uploads\/2016\/07\/DSC_1500-1.jpg\" alt=\"\" width=\"3451\" height=\"1556\"><\/a>\n\n&nbsp;\n\n&nbsp;\t\t\t\t\t\t\t\t<\/div>\n\t\t\t\t<\/div>\n\t\t\t\t\t<\/div>\n\t\t\t\t<\/div>\n\t\t\t\t<\/div>\n\t\t","protected":false},"excerpt":{"rendered":"<p>Nous sommes tr\u00e8s heureux d&rsquo;avoir Itzehoer Versicherungen comme partenaire \u00e0 nos c\u00f4t\u00e9s&#8230; Depuis 2012, nous arborons fi\u00e8rement le \u00ab\u00a0drapeau\u00a0\u00bb d&rsquo;Itzeho lors des comp\u00e9titions. Lors de nos \u00e9v\u00e9nements communs, nos interlocuteurs nous soutiennent toujours pleinement ! C&rsquo;est g\u00e9nial d&rsquo;avoir un \u00ab\u00a0grand fr\u00e8re\u00a0\u00bb comme \u00e7a, qui vous soutient. www.itzehoer.de &nbsp; &nbsp; Avec B\u00f6ckmann, notre plus jeune \u00ab\u00a0fr\u00e8re\u00a0\u00bb. [&hellip;]<\/p>\n","protected":false},"author":3,"featured_media":0,"parent":6221,"menu_order":0,"comment_status":"closed","ping_status":"closed","template":"","meta":{"jetpack_post_was_ever_published":false,"footnotes":""},"class_list":["post-6240","page","type-page","status-publish","hentry"],"jetpack_sharing_enabled":true,"jetpack_shortlink":"https:\/\/wp.me\/P6xIF9-1CE","jetpack_likes_enabled":true,"_links":{"self":[{"href":"https:\/\/bruesewitz-brueder.com\/fr\/wp-json\/wp\/v2\/pages\/6240","targetHints":{"allow":["GET"]}}],"collection":[{"href":"https:\/\/bruesewitz-brueder.com\/fr\/wp-json\/wp\/v2\/pages"}],"about":[{"href":"https:\/\/bruesewitz-brueder.com\/fr\/wp-json\/wp\/v2\/types\/page"}],"author":[{"embeddable":true,"href":"https:\/\/bruesewitz-brueder.com\/fr\/wp-json\/wp\/v2\/users\/3"}],"replies":[{"embeddable":true,"href":"https:\/\/bruesewitz-brueder.com\/fr\/wp-json\/wp\/v2\/comments?post=6240"}],"version-history":[{"count":1,"href":"https:\/\/bruesewitz-brueder.com\/fr\/wp-json\/wp\/v2\/pages\/6240\/revisions"}],"predecessor-version":[{"id":6250,"href":"https:\/\/bruesewitz-brueder.com\/fr\/wp-json\/wp\/v2\/pages\/6240\/revisions\/6250"}],"up":[{"embeddable":true,"href":"https:\/\/bruesewitz-brueder.com\/fr\/wp-json\/wp\/v2\/pages\/6221"}],"wp:attachment":[{"href":"https:\/\/bruesewitz-brueder.com\/fr\/wp-json\/wp\/v2\/media?parent=6240"}],"curies":[{"name":"wp","href":"https:\/\/api.w.org\/{rel}","templated":true}]}}