{"id":5670,"date":"2023-07-02T13:33:47","date_gmt":"2023-07-02T11:33:47","guid":{"rendered":"https:\/\/bruesewitz-brueder.com\/produkt\/bb-chaussures-de-voltige-try-it\/"},"modified":"2023-07-02T13:33:47","modified_gmt":"2023-07-02T11:33:47","slug":"bb-chaussures-de-voltige-try-it","status":"publish","type":"product","link":"https:\/\/bruesewitz-brueder.com\/fr\/Produit\/bb-chaussures-de-voltige-try-it\/","title":{"rendered":"BB Chaussures de voltige &#8211; try it"},"content":{"rendered":"<p>Notre <strong><em>try it<\/em> <\/strong>est notre mod\u00e8le d&rsquo;entr\u00e9e de gamme pour tout le monde. La semelle fine antid\u00e9rapante vous permet de sentir le sol et le cheval presque comme si vous \u00e9tiez pieds nus. Id\u00e9al pour les jeunes sportifs et pour la voltige au pas, afin d&rsquo;apprendre les sensations de base du cheval. De plus, ce mod\u00e8le est une alternative \u00e9conomique \u00e0 une paire de chaussures suppl\u00e9mentaire pour une salle d&rsquo;entra\u00eenement propre. Le nom doit \u00eatre un appel \u00e0 essayer des choses et des exercices et \u00e0 oser, afin de gagner en confiance et de s&rsquo;amuser \u00e0 moyen terme&#8230; Alors commencez et pers\u00e9v\u00e9rez ! Bonne chance !  <\/p>\n","protected":false},"excerpt":{"rendered":"<p>BB Chaussures de voltige, mod\u00e8le : <strong><em>try it<\/em><\/strong><\/p>\n","protected":false},"featured_media":5671,"comment_status":"closed","ping_status":"closed","template":"","meta":{"jetpack_post_was_ever_published":false,"jetpack_publicize_message":"","jetpack_publicize_feature_enabled":true,"jetpack_social_post_already_shared":true,"jetpack_social_options":{"image_generator_settings":{"template":"highway","default_image_id":0,"font":"","enabled":false},"version":2}},"product_brand":[],"product_cat":[180],"product_tag":[182,183,184,185,181],"class_list":{"0":"post-5670","1":"product","2":"type-product","3":"status-publish","4":"has-post-thumbnail","6":"product_cat-chaussures-de-voltige","7":"product_tag-trotteurs-de-voltige","8":"product_tag-try-it-fr","9":"product_tag-bb-chaussure-de-voltige","10":"product_tag-chaussure-volante","11":"product_tag-chaussures-de-voltige","13":"first","14":"instock","15":"taxable","16":"shipping-taxable","17":"purchasable","18":"product-type-variable"},"jetpack_publicize_connections":[],"jetpack_sharing_enabled":true,"jetpack_likes_enabled":true,"_links":{"self":[{"href":"https:\/\/bruesewitz-brueder.com\/fr\/wp-json\/wp\/v2\/product\/5670","targetHints":{"allow":["GET"]}}],"collection":[{"href":"https:\/\/bruesewitz-brueder.com\/fr\/wp-json\/wp\/v2\/product"}],"about":[{"href":"https:\/\/bruesewitz-brueder.com\/fr\/wp-json\/wp\/v2\/types\/product"}],"replies":[{"embeddable":true,"href":"https:\/\/bruesewitz-brueder.com\/fr\/wp-json\/wp\/v2\/comments?post=5670"}],"wp:featuredmedia":[{"embeddable":true,"href":"https:\/\/bruesewitz-brueder.com\/fr\/wp-json\/wp\/v2\/media\/5671"}],"wp:attachment":[{"href":"https:\/\/bruesewitz-brueder.com\/fr\/wp-json\/wp\/v2\/media?parent=5670"}],"wp:term":[{"taxonomy":"product_brand","embeddable":true,"href":"https:\/\/bruesewitz-brueder.com\/fr\/wp-json\/wp\/v2\/product_brand?post=5670"},{"taxonomy":"product_cat","embeddable":true,"href":"https:\/\/bruesewitz-brueder.com\/fr\/wp-json\/wp\/v2\/product_cat?post=5670"},{"taxonomy":"product_tag","embeddable":true,"href":"https:\/\/bruesewitz-brueder.com\/fr\/wp-json\/wp\/v2\/product_tag?post=5670"}],"curies":[{"name":"wp","href":"https:\/\/api.w.org\/{rel}","templated":true}]}}