{"id":5716,"date":"2023-10-26T18:15:17","date_gmt":"2023-10-26T16:15:17","guid":{"rendered":"https:\/\/bruesewitz-brueder.com\/produkt\/bb-chaussures-de-voltige-train-it\/"},"modified":"2023-10-26T18:15:17","modified_gmt":"2023-10-26T16:15:17","slug":"bb-chaussures-de-voltige-train-it","status":"publish","type":"product","link":"https:\/\/bruesewitz-brueder.com\/fr\/Produit\/bb-chaussures-de-voltige-train-it\/","title":{"rendered":"BB Chaussures de voltige &#8211; train it"},"content":{"rendered":"<p>Le site <strong><em>t<\/em><em><strong>rain<\/strong>it<\/em><\/strong> est proche du classique <strong><em>Profi<\/em> <\/strong>de Bleyer et constitue notre mod\u00e8le de base pour le sport de comp\u00e9tition. Pour cela, nous avons mis\u00e9 sur le savoir-faire \u00e9prouv\u00e9 de l&rsquo;entreprise Bleyer, partenaire de longue date du cadre f\u00e9d\u00e9ral. Avec son design simple, la chaussure a \u00e9t\u00e9 utilis\u00e9e dans le pass\u00e9, en particulier pour la finition de la chaussure avec du tissu de maillot, lorsque celle-ci doit \u00eatre adapt\u00e9e \u00e0 la tenue de l&rsquo;\u00e9quipe. Peu de coutures et un mat\u00e9riau robuste font de la <strong><em>train it<\/em><\/strong> particuli\u00e8rement robuste. Nous nous sommes permis d&rsquo;am\u00e9liorer le rembourrage du talon et de modifier un peu la structure de la semelle pour que vous ayez encore plus d&rsquo;adh\u00e9rence sur le cheval. En dehors de cela, la<strong><em> train it<\/em><\/strong> comme d&rsquo;habitude, avec une semelle antid\u00e9rapante en deux parties et un long \u00e9lastique. Nous avons choisi ce nom parce que nous voulons motiver les athl\u00e8tes sur le chemin de la r\u00e9ussite. La cl\u00e9 du succ\u00e8s est l&rsquo;entra\u00eenement, d&rsquo;o\u00f9 le nom. <strong><em>train it<\/em><\/strong>. Le nom <strong><em>train it<\/em><\/strong> n&rsquo;est pas une critique, mais plut\u00f4t un soutien, une motivation et un encouragement. Le mot \u00ab\u00a0it\u00a0\u00bb fait bien s\u00fbr r\u00e9f\u00e9rence \u00e0 notre sport favori, la voltige. Bonne chance, Rinnjeklatscht ! <\/p>\n","protected":false},"excerpt":{"rendered":"<p>BB Chaussures de voltige, mod\u00e8le : <strong><em>train it<\/em><\/strong><\/p>\n","protected":false},"featured_media":5717,"comment_status":"closed","ping_status":"closed","template":"","meta":{"jetpack_post_was_ever_published":false,"jetpack_publicize_message":"","jetpack_publicize_feature_enabled":true,"jetpack_social_post_already_shared":true,"jetpack_social_options":{"image_generator_settings":{"template":"highway","default_image_id":0,"font":"","enabled":false},"version":2}},"product_brand":[],"product_cat":[180],"product_tag":[189,190,191,181,184,185],"class_list":{"0":"post-5716","1":"product","2":"type-product","3":"status-publish","4":"has-post-thumbnail","6":"product_cat-chaussures-de-voltige","7":"product_tag-bruesewitz-freres-chaussure","8":"product_tag-chaussure-dentrainement","9":"product_tag-train-it-fr","10":"product_tag-chaussures-de-voltige","11":"product_tag-bb-chaussure-de-voltige","12":"product_tag-chaussure-volante","14":"first","15":"instock","16":"taxable","17":"shipping-taxable","18":"purchasable","19":"product-type-variable"},"jetpack_publicize_connections":[],"jetpack_sharing_enabled":true,"jetpack_likes_enabled":true,"_links":{"self":[{"href":"https:\/\/bruesewitz-brueder.com\/fr\/wp-json\/wp\/v2\/product\/5716","targetHints":{"allow":["GET"]}}],"collection":[{"href":"https:\/\/bruesewitz-brueder.com\/fr\/wp-json\/wp\/v2\/product"}],"about":[{"href":"https:\/\/bruesewitz-brueder.com\/fr\/wp-json\/wp\/v2\/types\/product"}],"replies":[{"embeddable":true,"href":"https:\/\/bruesewitz-brueder.com\/fr\/wp-json\/wp\/v2\/comments?post=5716"}],"wp:featuredmedia":[{"embeddable":true,"href":"https:\/\/bruesewitz-brueder.com\/fr\/wp-json\/wp\/v2\/media\/5717"}],"wp:attachment":[{"href":"https:\/\/bruesewitz-brueder.com\/fr\/wp-json\/wp\/v2\/media?parent=5716"}],"wp:term":[{"taxonomy":"product_brand","embeddable":true,"href":"https:\/\/bruesewitz-brueder.com\/fr\/wp-json\/wp\/v2\/product_brand?post=5716"},{"taxonomy":"product_cat","embeddable":true,"href":"https:\/\/bruesewitz-brueder.com\/fr\/wp-json\/wp\/v2\/product_cat?post=5716"},{"taxonomy":"product_tag","embeddable":true,"href":"https:\/\/bruesewitz-brueder.com\/fr\/wp-json\/wp\/v2\/product_tag?post=5716"}],"curies":[{"name":"wp","href":"https:\/\/api.w.org\/{rel}","templated":true}]}}