{"id":5747,"date":"2023-11-17T17:15:29","date_gmt":"2023-11-17T16:15:29","guid":{"rendered":"https:\/\/bruesewitz-brueder.com\/produkt\/les-freres-bruesewitz-feel-it\/"},"modified":"2023-11-17T17:15:29","modified_gmt":"2023-11-17T16:15:29","slug":"les-freres-bruesewitz-feel-it","status":"publish","type":"product","link":"https:\/\/bruesewitz-brueder.com\/fr\/Produit\/les-freres-bruesewitz-feel-it\/","title":{"rendered":"Les fr\u00e8res Br\u00fcsewitz &#8211; feel it"},"content":{"rendered":"<p style=\"text-align: justify;\">Notre nouvelle chaussure de voltige <strong><em>feel it<\/em><\/strong> pose de nouveaux jalons. Quatre ans de d\u00e9veloppement et plus de 25 ans d&rsquo;exp\u00e9rience dans la voltige ont \u00e9t\u00e9 n\u00e9cessaires \u00e0 la conception de notre nouvelle \u00ab\u00a0ch\u00e9rie\u00a0\u00bb. Elle a \u00e9t\u00e9 sp\u00e9cialement con\u00e7ue pour s&rsquo;adapter parfaitement au pied et offrir un maximum de confort et de soutien, d&rsquo;o\u00f9 son nom. <strong><em>feel it <\/em><\/strong>&#8211; Touchez, touchez votre pied, le sol, le mouvement du cheval&#8230;  <\/p>\n<p style=\"text-align: justify;\">Les inserts \u00e9lastiques sur les c\u00f4t\u00e9s permettent m\u00eame aux personnes souffrant de probl\u00e8mes d&rsquo;extension du pied comme Jannik d&rsquo;\u00e9tirer leurs pieds. Gr\u00e2ce aux lacets, la chaussure peut \u00eatre ajust\u00e9e individuellement \u00e0 chaque pied pour un ajustement optimal. \u00ab\u00a0Et puis, \u00e7a a l&rsquo;air plus cool\u00a0\u00bb (citation de Vik Br\u00fcsewitz).  <\/p>\n<p style=\"text-align: justify;\">Que ce soit \u00e0 l&rsquo;entra\u00eenement ou en comp\u00e9tition, cette chaussure vous donnera la confiance et la stabilit\u00e9 dont vous avez besoin pour amener vos comp\u00e9tences de voltigeur au niveau sup\u00e9rieur. Nous sommes convaincus qu&rsquo;avec cette chaussure, vous sentirez mieux vos pieds et tout ce qui entre en contact avec vous. <strong><em>feel it<\/em><\/strong>&#8230; <\/p>\n","protected":false},"excerpt":{"rendered":"<p>Br\u00fcsewitz Br\u00fcder Chaussures de voltige &#8211; Mod\u00e8le : <strong><em>feel it<\/em><\/strong><\/p>\n","protected":false},"featured_media":5748,"comment_status":"closed","ping_status":"closed","template":"","meta":{"jetpack_post_was_ever_published":false,"jetpack_publicize_message":"","jetpack_publicize_feature_enabled":true,"jetpack_social_post_already_shared":true,"jetpack_social_options":{"image_generator_settings":{"template":"highway","default_image_id":0,"font":"","enabled":false},"version":2}},"product_brand":[],"product_cat":[180],"product_tag":[189,193,181,182],"class_list":{"0":"post-5747","1":"product","2":"type-product","3":"status-publish","4":"has-post-thumbnail","6":"product_cat-chaussures-de-voltige","7":"product_tag-bruesewitz-freres-chaussure","8":"product_tag-feel-it","9":"product_tag-chaussures-de-voltige","10":"product_tag-trotteurs-de-voltige","11":"product_shipping_class-chaussures","13":"first","14":"instock","15":"taxable","16":"shipping-taxable","17":"purchasable","18":"product-type-variable"},"jetpack_publicize_connections":[],"jetpack_sharing_enabled":true,"jetpack_likes_enabled":true,"_links":{"self":[{"href":"https:\/\/bruesewitz-brueder.com\/fr\/wp-json\/wp\/v2\/product\/5747","targetHints":{"allow":["GET"]}}],"collection":[{"href":"https:\/\/bruesewitz-brueder.com\/fr\/wp-json\/wp\/v2\/product"}],"about":[{"href":"https:\/\/bruesewitz-brueder.com\/fr\/wp-json\/wp\/v2\/types\/product"}],"replies":[{"embeddable":true,"href":"https:\/\/bruesewitz-brueder.com\/fr\/wp-json\/wp\/v2\/comments?post=5747"}],"wp:featuredmedia":[{"embeddable":true,"href":"https:\/\/bruesewitz-brueder.com\/fr\/wp-json\/wp\/v2\/media\/5748"}],"wp:attachment":[{"href":"https:\/\/bruesewitz-brueder.com\/fr\/wp-json\/wp\/v2\/media?parent=5747"}],"wp:term":[{"taxonomy":"product_brand","embeddable":true,"href":"https:\/\/bruesewitz-brueder.com\/fr\/wp-json\/wp\/v2\/product_brand?post=5747"},{"taxonomy":"product_cat","embeddable":true,"href":"https:\/\/bruesewitz-brueder.com\/fr\/wp-json\/wp\/v2\/product_cat?post=5747"},{"taxonomy":"product_tag","embeddable":true,"href":"https:\/\/bruesewitz-brueder.com\/fr\/wp-json\/wp\/v2\/product_tag?post=5747"}],"curies":[{"name":"wp","href":"https:\/\/api.w.org\/{rel}","templated":true}]}}