{"id":7028,"date":"2025-10-20T11:06:59","date_gmt":"2025-10-20T09:06:59","guid":{"rendered":"https:\/\/bruesewitz-brueder.com\/?post_type=product&#038;p=7028"},"modified":"2026-01-26T11:53:17","modified_gmt":"2026-01-26T10:53:17","slug":"pack-it-schuhbeutel","status":"publish","type":"product","link":"https:\/\/bruesewitz-brueder.com\/fr\/Produit\/pack-it-schuhbeutel\/","title":{"rendered":"pack it &#8211; Schuhbeutel"},"content":{"rendered":"<p>Der neue <strong><em data-start=\"58\" data-end=\"67\">pack it<\/em><\/strong> Voltigierschuhbeutel sch\u00fctzt deine Voltigierschuhe zuverl\u00e4ssig vor Schmutz und Staub \u2013 und sorgt gleichzeitig daf\u00fcr, dass deine Trainingstasche sauber bleibt. Das atmungsaktive, strapazierf\u00e4hige Material l\u00e4sst Luft zirkulieren, h\u00e4lt aber Sand und Dreck drau\u00dfen. So bleiben deine Schuhe trocken, frisch und optimal gesch\u00fctzt \u2013 bereit f\u00fcr dein n\u00e4chstes Training.<\/p>\n<p>&nbsp;<\/p>\n","protected":false},"excerpt":{"rendered":"<p>Br\u00fcsewitz Br\u00fcder Schuhbeutel &#8211; Modell: <strong><em>pack it<\/em><\/strong><\/p>\n","protected":false},"featured_media":7223,"comment_status":"closed","ping_status":"closed","template":"","meta":{"jetpack_post_was_ever_published":false,"jetpack_publicize_message":"","jetpack_publicize_feature_enabled":true,"jetpack_social_post_already_shared":true,"jetpack_social_options":{"image_generator_settings":{"template":"highway","default_image_id":0,"font":"","enabled":false},"version":2}},"product_brand":[],"product_cat":[216,217],"product_tag":[227,224,225,226],"class_list":{"0":"post-7028","1":"product","2":"type-product","3":"status-publish","4":"has-post-thumbnail","6":"product_cat-voltigierzubehoer","7":"product_cat-zubehoer","8":"product_tag-beutel","9":"product_tag-schuhbeutel","10":"product_tag-vaulting-bag","11":"product_tag-pack-it","13":"first","14":"instock","15":"taxable","16":"shipping-taxable","17":"purchasable","18":"product-type-simple"},"jetpack_publicize_connections":[],"jetpack_sharing_enabled":true,"jetpack_likes_enabled":true,"_links":{"self":[{"href":"https:\/\/bruesewitz-brueder.com\/fr\/wp-json\/wp\/v2\/product\/7028","targetHints":{"allow":["GET"]}}],"collection":[{"href":"https:\/\/bruesewitz-brueder.com\/fr\/wp-json\/wp\/v2\/product"}],"about":[{"href":"https:\/\/bruesewitz-brueder.com\/fr\/wp-json\/wp\/v2\/types\/product"}],"replies":[{"embeddable":true,"href":"https:\/\/bruesewitz-brueder.com\/fr\/wp-json\/wp\/v2\/comments?post=7028"}],"wp:featuredmedia":[{"embeddable":true,"href":"https:\/\/bruesewitz-brueder.com\/fr\/wp-json\/wp\/v2\/media\/7223"}],"wp:attachment":[{"href":"https:\/\/bruesewitz-brueder.com\/fr\/wp-json\/wp\/v2\/media?parent=7028"}],"wp:term":[{"taxonomy":"product_brand","embeddable":true,"href":"https:\/\/bruesewitz-brueder.com\/fr\/wp-json\/wp\/v2\/product_brand?post=7028"},{"taxonomy":"product_cat","embeddable":true,"href":"https:\/\/bruesewitz-brueder.com\/fr\/wp-json\/wp\/v2\/product_cat?post=7028"},{"taxonomy":"product_tag","embeddable":true,"href":"https:\/\/bruesewitz-brueder.com\/fr\/wp-json\/wp\/v2\/product_tag?post=7028"}],"curies":[{"name":"wp","href":"https:\/\/api.w.org\/{rel}","templated":true}]}}