{"id":7373,"date":"2025-12-05T15:06:23","date_gmt":"2025-12-05T14:06:23","guid":{"rendered":"https:\/\/bruesewitz-brueder.com\/produkt\/do-it-black-voltigier-leggins\/"},"modified":"2026-01-27T15:56:54","modified_gmt":"2026-01-27T14:56:54","slug":"do-it-black-voltigier-leggins","status":"publish","type":"product","link":"https:\/\/bruesewitz-brueder.com\/fr\/Produit\/do-it-black-voltigier-leggins\/","title":{"rendered":"BB Voltigierleggings &#8211; do it"},"content":{"rendered":"<p>Superweiche, dehnbare und bequeme Voltigier-Leggings. Bestellen Sie diese, damit Ihre n\u00e4chste Yoga-Stunde die beste aller Zeiten wird!<\/p>\n<p>\u2022 75 % recyceltes Polyester, 25 % Elasthan<br \/>\n\u2022 82 % Polyester, 18 % Elasthan f\u00fcr die Produktion in Lettland<br \/>\n\u2022 Stoffgewicht: 225 g\/m\u00b2 in den USA\/Mexiko<br \/>\n\u2022 Stoffgewicht: 230 g\/m\u00b2 in Lettland<br \/>\n\u2022 Vierwege-Stretch, d. h. der Stoff dehnt sich in Quer- und L\u00e4ngsrichtung und kehrt anschlie\u00dfend in seine Ausgangsform zur\u00fcck.<br \/>\n\u2022 Hergestellt aus einem glatten, bequemen Mikrofasergarn<br \/>\n\u2022 Erh\u00f6hter Bund<br \/>\n\u2022 Pr\u00e4zisionsgeschnitten und nach dem Druck handgen\u00e4ht<br \/>\n\u2022 Unbedruckte Produktkomponenten stammen aus Mexiko und China<\/p>\n<p>Dieses Produkt wird speziell f\u00fcr Sie angefertigt, sobald Sie eine Bestellung aufgeben. Deshalb dauert die Lieferung etwas l\u00e4nger. Die Herstellung von Produkten auf Anfrage statt in Massenproduktion tr\u00e4gt dazu bei, \u00dcberproduktion zu reduzieren. Vielen Dank, dass Sie sich f\u00fcr einen bewussten Kauf entschieden haben!<\/p>\n<p>&nbsp;<\/p>\n","protected":false},"excerpt":{"rendered":"<p>Voltigiertrainingsleggings<\/p>\n","protected":false},"featured_media":7385,"comment_status":"open","ping_status":"closed","template":"","meta":{"jetpack_post_was_ever_published":true,"jetpack_publicize_message":"","jetpack_publicize_feature_enabled":true,"jetpack_social_post_already_shared":true,"jetpack_social_options":{"image_generator_settings":{"template":"highway","default_image_id":0,"font":"","enabled":false},"version":2}},"product_brand":[],"product_cat":[238],"product_tag":[236,234,235],"class_list":{"0":"post-7373","1":"product","2":"type-product","3":"status-publish","4":"has-post-thumbnail","6":"product_cat-voltigierlegging","7":"product_tag-leggings","8":"product_tag-voltigierleggings","9":"product_tag-do-it","10":"product_shipping_class-leggings","12":"first","13":"instock","14":"taxable","15":"shipping-taxable","16":"purchasable","17":"product-type-variable"},"jetpack_publicize_connections":[],"jetpack_sharing_enabled":true,"jetpack_likes_enabled":true,"_links":{"self":[{"href":"https:\/\/bruesewitz-brueder.com\/fr\/wp-json\/wp\/v2\/product\/7373","targetHints":{"allow":["GET"]}}],"collection":[{"href":"https:\/\/bruesewitz-brueder.com\/fr\/wp-json\/wp\/v2\/product"}],"about":[{"href":"https:\/\/bruesewitz-brueder.com\/fr\/wp-json\/wp\/v2\/types\/product"}],"replies":[{"embeddable":true,"href":"https:\/\/bruesewitz-brueder.com\/fr\/wp-json\/wp\/v2\/comments?post=7373"}],"wp:featuredmedia":[{"embeddable":true,"href":"https:\/\/bruesewitz-brueder.com\/fr\/wp-json\/wp\/v2\/media\/7385"}],"wp:attachment":[{"href":"https:\/\/bruesewitz-brueder.com\/fr\/wp-json\/wp\/v2\/media?parent=7373"}],"wp:term":[{"taxonomy":"product_brand","embeddable":true,"href":"https:\/\/bruesewitz-brueder.com\/fr\/wp-json\/wp\/v2\/product_brand?post=7373"},{"taxonomy":"product_cat","embeddable":true,"href":"https:\/\/bruesewitz-brueder.com\/fr\/wp-json\/wp\/v2\/product_cat?post=7373"},{"taxonomy":"product_tag","embeddable":true,"href":"https:\/\/bruesewitz-brueder.com\/fr\/wp-json\/wp\/v2\/product_tag?post=7373"}],"curies":[{"name":"wp","href":"https:\/\/api.w.org\/{rel}","templated":true}]}}