{"id":7969,"date":"2026-03-28T15:27:02","date_gmt":"2026-03-28T14:27:02","guid":{"rendered":"https:\/\/bruesewitz-brueder.com\/?post_type=product&#038;p=7969"},"modified":"2026-04-07T19:00:32","modified_gmt":"2026-04-07T17:00:32","slug":"bb-voltigiersocke-stretch-it-schwarz","status":"publish","type":"product","link":"https:\/\/bruesewitz-brueder.com\/fr\/Produit\/bb-voltigiersocke-stretch-it-schwarz\/","title":{"rendered":"BB Voltigiersocke &#8211; stretch it (schwarz)"},"content":{"rendered":"<p>Die neue Voltigier-Kompressionssocke <strong>stretch it<\/strong> ist dein idealer Trainingsbegleiter. Durch die <strong>Kompression<\/strong> wird zu einem die <strong>Regenation<\/strong> gef\u00f6rdert und zum anderen hilft dir der taktilen Reiz deine Beine und F\u00fc\u00dfe besser zu sp\u00fcren und damit auch zu strecken. Sofern du Schienbeinschoner tr\u00e4gst hilft dir die Kompressionssocke auch dabei, dass dieser an Ort und Stelle bleibt und verhindert ein Verrutschen.<\/p>\n<p>Dein perfekter Begleiter beim Voltigiertraining, auf dem Turnier, bei der Regeneration und beim Reiten!<\/p>\n","protected":false},"excerpt":{"rendered":"<p>Br\u00fcsewitz Br\u00fcder Voltigier-Kompressionssocke<strong> stretch it (schwarz)<\/strong><\/p>\n","protected":false},"featured_media":7963,"comment_status":"closed","ping_status":"closed","template":"","meta":{"jetpack_post_was_ever_published":false,"jetpack_publicize_message":"","jetpack_publicize_feature_enabled":true,"jetpack_social_post_already_shared":true,"jetpack_social_options":{"image_generator_settings":{"template":"highway","default_image_id":0,"font":"","enabled":false},"version":2}},"product_brand":[],"product_cat":[216,217],"product_tag":[218,219,220,221,222,223],"class_list":{"0":"post-7969","1":"product","2":"type-product","3":"status-publish","4":"has-post-thumbnail","6":"product_cat-voltigierzubehoer","7":"product_cat-zubehoer","8":"product_tag-voltigiersocke","9":"product_tag-kompressionsstrumpf","10":"product_tag-kompressionssocken","11":"product_tag-voltisocke","12":"product_tag-voltistrumpf","13":"product_tag-voltigier-kompressionssocke","14":"product_shipping_class-zubehoerartikel","16":"first","17":"instock","18":"taxable","19":"shipping-taxable","20":"purchasable","21":"product-type-variable"},"jetpack_publicize_connections":[],"jetpack_sharing_enabled":true,"jetpack_likes_enabled":true,"_links":{"self":[{"href":"https:\/\/bruesewitz-brueder.com\/fr\/wp-json\/wp\/v2\/product\/7969","targetHints":{"allow":["GET"]}}],"collection":[{"href":"https:\/\/bruesewitz-brueder.com\/fr\/wp-json\/wp\/v2\/product"}],"about":[{"href":"https:\/\/bruesewitz-brueder.com\/fr\/wp-json\/wp\/v2\/types\/product"}],"replies":[{"embeddable":true,"href":"https:\/\/bruesewitz-brueder.com\/fr\/wp-json\/wp\/v2\/comments?post=7969"}],"wp:featuredmedia":[{"embeddable":true,"href":"https:\/\/bruesewitz-brueder.com\/fr\/wp-json\/wp\/v2\/media\/7963"}],"wp:attachment":[{"href":"https:\/\/bruesewitz-brueder.com\/fr\/wp-json\/wp\/v2\/media?parent=7969"}],"wp:term":[{"taxonomy":"product_brand","embeddable":true,"href":"https:\/\/bruesewitz-brueder.com\/fr\/wp-json\/wp\/v2\/product_brand?post=7969"},{"taxonomy":"product_cat","embeddable":true,"href":"https:\/\/bruesewitz-brueder.com\/fr\/wp-json\/wp\/v2\/product_cat?post=7969"},{"taxonomy":"product_tag","embeddable":true,"href":"https:\/\/bruesewitz-brueder.com\/fr\/wp-json\/wp\/v2\/product_tag?post=7969"}],"curies":[{"name":"wp","href":"https:\/\/api.w.org\/{rel}","templated":true}]}}